{"id":48792,"date":"2025-08-28T10:18:01","date_gmt":"2025-08-28T10:18:01","guid":{"rendered":"https:\/\/newvt.verticaltechnik.ch\/product\/bride-avec-manchon-de-terre-et-fondation\/"},"modified":"2025-08-28T10:18:01","modified_gmt":"2025-08-28T10:18:01","slug":"bride-avec-manchon-de-terre-et-fondation","status":"publish","type":"product","link":"https:\/\/verticaltechnik.ch\/fr\/produit\/bride-avec-manchon-de-terre-et-fondation\/","title":{"rendered":"Bride avec manchon de terre et fondation"},"content":{"rendered":"<p>Ce manchon de sol \u00e0 bride en acier galvanis\u00e9 est livr\u00e9 avec une fondation et peut \u00eatre b\u00e9tonn\u00e9 n&rsquo;importe o\u00f9 dans le sol goudronn\u00e9 ou dans le sol gazonn\u00e9. Cela permet de le placer directement dans la zone d&rsquo;entr\u00e9e o\u00f9 il est visible par tous les utilisateurs. Ce produit est compatible avec K00700, K00701.   <\/p>\n","protected":false},"excerpt":{"rendered":"<p>Ce manchon de sol \u00e0 bride en acier galvanis\u00e9 est livr\u00e9 avec une fondation et peut \u00eatre b\u00e9tonn\u00e9 n&rsquo;importe o\u00f9 dans le sol goudronn\u00e9 ou dans le sol gazonn\u00e9. Cela&#8230;<\/p>\n","protected":false},"featured_media":43322,"template":"","meta":[],"product_brand":[],"product_cat":[11957],"product_tag":[],"class_list":{"0":"post-48792","1":"product","2":"type-product","3":"status-publish","4":"has-post-thumbnail","6":"product_cat-signalisation","8":"first","9":"instock","10":"shipping-taxable","11":"purchasable","12":"product-type-simple"},"_links":{"self":[{"href":"https:\/\/verticaltechnik.ch\/fr\/wp-json\/wp\/v2\/product\/48792","targetHints":{"allow":["GET"]}}],"collection":[{"href":"https:\/\/verticaltechnik.ch\/fr\/wp-json\/wp\/v2\/product"}],"about":[{"href":"https:\/\/verticaltechnik.ch\/fr\/wp-json\/wp\/v2\/types\/product"}],"wp:featuredmedia":[{"embeddable":true,"href":"https:\/\/verticaltechnik.ch\/fr\/wp-json\/wp\/v2\/media\/43322"}],"wp:attachment":[{"href":"https:\/\/verticaltechnik.ch\/fr\/wp-json\/wp\/v2\/media?parent=48792"}],"wp:term":[{"taxonomy":"product_brand","embeddable":true,"href":"https:\/\/verticaltechnik.ch\/fr\/wp-json\/wp\/v2\/product_brand?post=48792"},{"taxonomy":"product_cat","embeddable":true,"href":"https:\/\/verticaltechnik.ch\/fr\/wp-json\/wp\/v2\/product_cat?post=48792"},{"taxonomy":"product_tag","embeddable":true,"href":"https:\/\/verticaltechnik.ch\/fr\/wp-json\/wp\/v2\/product_tag?post=48792"}],"curies":[{"name":"wp","href":"https:\/\/api.w.org\/{rel}","templated":true}]}}