{"id":48821,"date":"2025-08-28T10:25:33","date_gmt":"2025-08-28T10:25:33","guid":{"rendered":"https:\/\/newvt.verticaltechnik.ch\/product\/granite-element-c4-curb\/"},"modified":"2025-08-28T10:25:33","modified_gmt":"2025-08-28T10:25:33","slug":"granite-element-c4-curb","status":"publish","type":"product","link":"https:\/\/verticaltechnik.ch\/fr\/product\/granite-element-c4-curb\/","title":{"rendered":"Granite Element C4 Curb"},"content":{"rendered":"<p>Le Granite Curb est tr\u00e8s appr\u00e9ci\u00e9 en raison des propri\u00e9t\u00e9s de glissement id\u00e9ales de la surface de glisse en granit finement polie. On y r\u00e9alise des figures telles que le Tailslide, le Noseslide ou les Grinds, avec de nombreuses combinaisons possibles. L&rsquo;utilisation procure une sensation de conduite particuli\u00e8rement agr\u00e9able avec un contr\u00f4le parfait de la planche.  <\/p>\n","protected":false},"excerpt":{"rendered":"<p>Le Granite Curb est tr\u00e8s appr\u00e9ci\u00e9 en raison des propri\u00e9t\u00e9s de glissement id\u00e9ales de la surface de glisse en granit finement polie. On y r\u00e9alise des figures telles que le&#8230;<\/p>\n","protected":false},"featured_media":42974,"template":"","meta":[],"product_brand":[],"product_cat":[11963],"product_tag":[],"class_list":{"0":"post-48821","1":"product","2":"type-product","3":"status-publish","4":"has-post-thumbnail","6":"product_cat-granit","8":"first","9":"instock","10":"shipping-taxable","11":"purchasable","12":"product-type-simple"},"_links":{"self":[{"href":"https:\/\/verticaltechnik.ch\/fr\/wp-json\/wp\/v2\/product\/48821","targetHints":{"allow":["GET"]}}],"collection":[{"href":"https:\/\/verticaltechnik.ch\/fr\/wp-json\/wp\/v2\/product"}],"about":[{"href":"https:\/\/verticaltechnik.ch\/fr\/wp-json\/wp\/v2\/types\/product"}],"wp:featuredmedia":[{"embeddable":true,"href":"https:\/\/verticaltechnik.ch\/fr\/wp-json\/wp\/v2\/media\/42974"}],"wp:attachment":[{"href":"https:\/\/verticaltechnik.ch\/fr\/wp-json\/wp\/v2\/media?parent=48821"}],"wp:term":[{"taxonomy":"product_brand","embeddable":true,"href":"https:\/\/verticaltechnik.ch\/fr\/wp-json\/wp\/v2\/product_brand?post=48821"},{"taxonomy":"product_cat","embeddable":true,"href":"https:\/\/verticaltechnik.ch\/fr\/wp-json\/wp\/v2\/product_cat?post=48821"},{"taxonomy":"product_tag","embeddable":true,"href":"https:\/\/verticaltechnik.ch\/fr\/wp-json\/wp\/v2\/product_tag?post=48821"}],"curies":[{"name":"wp","href":"https:\/\/api.w.org\/{rel}","templated":true}]}}