{"id":48845,"date":"2025-08-28T10:36:27","date_gmt":"2025-08-28T10:36:27","guid":{"rendered":"https:\/\/newvt.verticaltechnik.ch\/product\/mini-rampe-msr-hip-closed-6-0-m-6-0-m\/"},"modified":"2025-08-28T10:36:27","modified_gmt":"2025-08-28T10:36:27","slug":"mini-rampe-msr-hip-closed-6-0-m-6-0-m","status":"publish","type":"product","link":"https:\/\/verticaltechnik.ch\/fr\/produit\/mini-rampe-msr-hip-closed-6-0-m-6-0-m\/","title":{"rendered":"Mini-rampe MSR Hip closed 6.0 m + 6.0 m"},"content":{"rendered":"<p>Location mini-rampe MSR Hip closed 6.0 m + 6.0 m, surface 16.5 x 12.5 m. Le montage et le d\u00e9montage sont effectu\u00e9s, selon l&rsquo;option choisie, par Vertical Technik AG ou par 4 aides au montage mis \u00e0 disposition par le client, avec le soutien d&rsquo;un chef de montage de Vertical Technik AG.<\/p>\n","protected":false},"excerpt":{"rendered":"<p>Location mini-rampe MSR Hip closed 6.0 m + 6.0 m, surface 16.5 x 12.5 m. Le montage et le d\u00e9montage sont effectu\u00e9s, selon l&rsquo;option choisie, par Vertical Technik AG ou&#8230;<\/p>\n","protected":false},"featured_media":57716,"template":"","meta":[],"product_brand":[],"product_cat":[11976],"product_tag":[],"class_list":{"0":"post-48845","1":"product","2":"type-product","3":"status-publish","4":"has-post-thumbnail","6":"product_cat-minir-msr-hip-ferme","8":"first","9":"instock","10":"shipping-taxable","11":"purchasable","12":"product-type-simple"},"_links":{"self":[{"href":"https:\/\/verticaltechnik.ch\/fr\/wp-json\/wp\/v2\/product\/48845","targetHints":{"allow":["GET"]}}],"collection":[{"href":"https:\/\/verticaltechnik.ch\/fr\/wp-json\/wp\/v2\/product"}],"about":[{"href":"https:\/\/verticaltechnik.ch\/fr\/wp-json\/wp\/v2\/types\/product"}],"wp:featuredmedia":[{"embeddable":true,"href":"https:\/\/verticaltechnik.ch\/fr\/wp-json\/wp\/v2\/media\/57716"}],"wp:attachment":[{"href":"https:\/\/verticaltechnik.ch\/fr\/wp-json\/wp\/v2\/media?parent=48845"}],"wp:term":[{"taxonomy":"product_brand","embeddable":true,"href":"https:\/\/verticaltechnik.ch\/fr\/wp-json\/wp\/v2\/product_brand?post=48845"},{"taxonomy":"product_cat","embeddable":true,"href":"https:\/\/verticaltechnik.ch\/fr\/wp-json\/wp\/v2\/product_cat?post=48845"},{"taxonomy":"product_tag","embeddable":true,"href":"https:\/\/verticaltechnik.ch\/fr\/wp-json\/wp\/v2\/product_tag?post=48845"}],"curies":[{"name":"wp","href":"https:\/\/api.w.org\/{rel}","templated":true}]}}