{"id":48852,"date":"2025-08-28T10:36:23","date_gmt":"2025-08-28T10:36:23","guid":{"rendered":"https:\/\/newvt.verticaltechnik.ch\/product\/mini-rampe-msr-bowl-spine-hip-10-5-m-10-5-m\/"},"modified":"2025-08-28T10:36:23","modified_gmt":"2025-08-28T10:36:23","slug":"mini-rampe-msr-bowl-spine-hip-10-5-m-10-5-m","status":"publish","type":"product","link":"https:\/\/verticaltechnik.ch\/fr\/produit\/mini-rampe-msr-bowl-spine-hip-10-5-m-10-5-m\/","title":{"rendered":"Mini-rampe MSR Bowl Spine Hip 10.5 m + 10.5 m"},"content":{"rendered":"<p>Location mini-rampe MSR Bowl Spine Hip 10.5 m + 10.5 m, surface 30.1 x 21.4 m. Le montage et le d\u00e9montage sont effectu\u00e9s, selon l&rsquo;option choisie, par Vertical Technik AG ou par 4 aides au montage mis \u00e0 disposition par le client, avec le soutien d&rsquo;un chef de montage de Vertical Technik AG.<\/p>\n","protected":false},"excerpt":{"rendered":"<p>Location mini-rampe MSR Bowl Spine Hip 10.5 m + 10.5 m, surface 30.1 x 21.4 m. Le montage et le d\u00e9montage sont effectu\u00e9s, selon l&rsquo;option choisie, par Vertical Technik AG&#8230;<\/p>\n","protected":false},"featured_media":57718,"template":"","meta":[],"product_brand":[],"product_cat":[11978,11971],"product_tag":[],"class_list":{"0":"post-48852","1":"product","2":"type-product","3":"status-publish","4":"has-post-thumbnail","6":"product_cat-mini-rampe-msr-bowl-spine-hip","7":"product_cat-services","9":"first","10":"instock","11":"shipping-taxable","12":"purchasable","13":"product-type-simple"},"_links":{"self":[{"href":"https:\/\/verticaltechnik.ch\/fr\/wp-json\/wp\/v2\/product\/48852","targetHints":{"allow":["GET"]}}],"collection":[{"href":"https:\/\/verticaltechnik.ch\/fr\/wp-json\/wp\/v2\/product"}],"about":[{"href":"https:\/\/verticaltechnik.ch\/fr\/wp-json\/wp\/v2\/types\/product"}],"wp:featuredmedia":[{"embeddable":true,"href":"https:\/\/verticaltechnik.ch\/fr\/wp-json\/wp\/v2\/media\/57718"}],"wp:attachment":[{"href":"https:\/\/verticaltechnik.ch\/fr\/wp-json\/wp\/v2\/media?parent=48852"}],"wp:term":[{"taxonomy":"product_brand","embeddable":true,"href":"https:\/\/verticaltechnik.ch\/fr\/wp-json\/wp\/v2\/product_brand?post=48852"},{"taxonomy":"product_cat","embeddable":true,"href":"https:\/\/verticaltechnik.ch\/fr\/wp-json\/wp\/v2\/product_cat?post=48852"},{"taxonomy":"product_tag","embeddable":true,"href":"https:\/\/verticaltechnik.ch\/fr\/wp-json\/wp\/v2\/product_tag?post=48852"}],"curies":[{"name":"wp","href":"https:\/\/api.w.org\/{rel}","templated":true}]}}