{"id":48854,"date":"2025-08-28T10:29:57","date_gmt":"2025-08-28T10:29:57","guid":{"rendered":"https:\/\/newvt.verticaltechnik.ch\/product\/ancrage-au-sol-double\/"},"modified":"2025-08-28T10:29:57","modified_gmt":"2025-08-28T10:29:57","slug":"ancrage-au-sol-double","status":"publish","type":"product","link":"https:\/\/verticaltechnik.ch\/fr\/product\/ancrage-au-sol-double\/","title":{"rendered":"Ancrage au sol double"},"content":{"rendered":"<p>L&rsquo;ancrage au sol en acier galvanis\u00e9 est coul\u00e9 dans la fondation en b\u00e9ton et align\u00e9 au moyen d&rsquo;un dispositif de nivellement int\u00e9gr\u00e9. Les socles de connexion y sont viss\u00e9s \u00e0 l&rsquo;aide de tiges filet\u00e9es.  <\/p>\n","protected":false},"excerpt":{"rendered":"<p>L&rsquo;ancrage au sol en acier galvanis\u00e9 est coul\u00e9 dans la fondation en b\u00e9ton et align\u00e9 au moyen d&rsquo;un dispositif de nivellement int\u00e9gr\u00e9. Les socles de connexion y sont viss\u00e9s \u00e0&#8230;<\/p>\n","protected":false},"featured_media":42774,"template":"","meta":[],"product_brand":[],"product_cat":[11980],"product_tag":[],"class_list":{"0":"post-48854","1":"product","2":"type-product","3":"status-publish","4":"has-post-thumbnail","6":"product_cat-pieces-detachees","8":"first","9":"instock","10":"shipping-taxable","11":"purchasable","12":"product-type-simple"},"_links":{"self":[{"href":"https:\/\/verticaltechnik.ch\/fr\/wp-json\/wp\/v2\/product\/48854","targetHints":{"allow":["GET"]}}],"collection":[{"href":"https:\/\/verticaltechnik.ch\/fr\/wp-json\/wp\/v2\/product"}],"about":[{"href":"https:\/\/verticaltechnik.ch\/fr\/wp-json\/wp\/v2\/types\/product"}],"wp:featuredmedia":[{"embeddable":true,"href":"https:\/\/verticaltechnik.ch\/fr\/wp-json\/wp\/v2\/media\/42774"}],"wp:attachment":[{"href":"https:\/\/verticaltechnik.ch\/fr\/wp-json\/wp\/v2\/media?parent=48854"}],"wp:term":[{"taxonomy":"product_brand","embeddable":true,"href":"https:\/\/verticaltechnik.ch\/fr\/wp-json\/wp\/v2\/product_brand?post=48854"},{"taxonomy":"product_cat","embeddable":true,"href":"https:\/\/verticaltechnik.ch\/fr\/wp-json\/wp\/v2\/product_cat?post=48854"},{"taxonomy":"product_tag","embeddable":true,"href":"https:\/\/verticaltechnik.ch\/fr\/wp-json\/wp\/v2\/product_tag?post=48854"}],"curies":[{"name":"wp","href":"https:\/\/api.w.org\/{rel}","templated":true}]}}