{"id":48867,"date":"2025-08-28T10:29:53","date_gmt":"2025-08-28T10:29:53","guid":{"rendered":"https:\/\/newvt.verticaltechnik.ch\/product\/cube-descalade-quintuple-avec-base-ancre-et-prises-a\/"},"modified":"2026-02-16T12:16:42","modified_gmt":"2026-02-16T12:16:42","slug":"cube-descalade-quintuple-avec-base-ancre-et-prises-a","status":"publish","type":"product","link":"https:\/\/verticaltechnik.ch\/fr\/product\/cube-descalade-quintuple-avec-base-ancre-et-prises-a\/","title":{"rendered":"Cube d&rsquo;escalade quintuple avec base, ancre et prises (A)"},"content":{"rendered":"<p>Nos cubes d&rsquo;escalade offrent des possibilit\u00e9s de mouvement polyvalentes pour les enfants, les adolescents et les fans de bloc exp\u00e9riment\u00e9s. Les prises d&rsquo;escalade peuvent \u00eatre positionn\u00e9es librement, ce qui permet de cr\u00e9er plusieurs voies d&rsquo;escalade. La combinaison des cubes d&rsquo;escalade offre de nombreuses possibilit\u00e9s et variantes d&rsquo;escalade. Les chenilles d&rsquo;escalade sont con\u00e7ues pour \u00eatre utilis\u00e9es dans les espaces publics sans surveillance, la hauteur de chute maximale \u00e9tant inf\u00e9rieure \u00e0 3 m\u00e8tres. Nos objets de bloc sont construits conform\u00e9ment \u00e0 la norme EN 1176 relative aux aires de jeux et r\u00e9pondent aux exigences de s\u00e9curit\u00e9 du BfU.    <\/p>\n","protected":false},"excerpt":{"rendered":"<p>Nos cubes d&rsquo;escalade offrent des possibilit\u00e9s de mouvement polyvalentes pour les enfants, les adolescents et les fans de bloc exp\u00e9riment\u00e9s. Les prises d&rsquo;escalade peuvent \u00eatre positionn\u00e9es librement, ce qui permet&#8230;<\/p>\n","protected":false},"featured_media":58116,"template":"","meta":[],"product_brand":[],"product_cat":[11987,11988],"product_tag":[],"class_list":{"0":"post-48867","1":"product","2":"type-product","3":"status-publish","4":"has-post-thumbnail","6":"product_cat-grimper","7":"product_cat-cube-descalade","9":"first","10":"instock","11":"shipping-taxable","12":"purchasable","13":"product-type-simple"},"_links":{"self":[{"href":"https:\/\/verticaltechnik.ch\/fr\/wp-json\/wp\/v2\/product\/48867","targetHints":{"allow":["GET"]}}],"collection":[{"href":"https:\/\/verticaltechnik.ch\/fr\/wp-json\/wp\/v2\/product"}],"about":[{"href":"https:\/\/verticaltechnik.ch\/fr\/wp-json\/wp\/v2\/types\/product"}],"wp:featuredmedia":[{"embeddable":true,"href":"https:\/\/verticaltechnik.ch\/fr\/wp-json\/wp\/v2\/media\/58116"}],"wp:attachment":[{"href":"https:\/\/verticaltechnik.ch\/fr\/wp-json\/wp\/v2\/media?parent=48867"}],"wp:term":[{"taxonomy":"product_brand","embeddable":true,"href":"https:\/\/verticaltechnik.ch\/fr\/wp-json\/wp\/v2\/product_brand?post=48867"},{"taxonomy":"product_cat","embeddable":true,"href":"https:\/\/verticaltechnik.ch\/fr\/wp-json\/wp\/v2\/product_cat?post=48867"},{"taxonomy":"product_tag","embeddable":true,"href":"https:\/\/verticaltechnik.ch\/fr\/wp-json\/wp\/v2\/product_tag?post=48867"}],"curies":[{"name":"wp","href":"https:\/\/api.w.org\/{rel}","templated":true}]}}