{"id":48882,"date":"2025-08-28T10:29:49","date_gmt":"2025-08-28T10:29:49","guid":{"rendered":"https:\/\/newvt.verticaltechnik.ch\/product\/etude-de-projet\/"},"modified":"2025-08-28T10:29:49","modified_gmt":"2025-08-28T10:29:49","slug":"etude-de-projet","status":"publish","type":"product","link":"https:\/\/verticaltechnik.ch\/fr\/produit\/etude-de-projet\/","title":{"rendered":"\u00c9tude de projet"},"content":{"rendered":"<p>Cr\u00e9ation d&rsquo;un avant-projet complet<br \/>\nMod\u00e9lisation des objets et visualisation 3D simple<br \/>\nPr\u00e9sentation orale avec rapport succinct <\/p>\n","protected":false},"excerpt":{"rendered":"<p>Cr\u00e9ation d&rsquo;un avant-projet complet Mod\u00e9lisation des objets et visualisation 3D simple Pr\u00e9sentation orale avec rapport succinct<\/p>\n","protected":false},"featured_media":57754,"template":"","meta":[],"product_brand":[],"product_cat":[11990],"product_tag":[],"class_list":{"0":"post-48882","1":"product","2":"type-product","3":"status-publish","4":"has-post-thumbnail","6":"product_cat-services-de-construction","8":"first","9":"instock","10":"shipping-taxable","11":"purchasable","12":"product-type-simple"},"_links":{"self":[{"href":"https:\/\/verticaltechnik.ch\/fr\/wp-json\/wp\/v2\/product\/48882","targetHints":{"allow":["GET"]}}],"collection":[{"href":"https:\/\/verticaltechnik.ch\/fr\/wp-json\/wp\/v2\/product"}],"about":[{"href":"https:\/\/verticaltechnik.ch\/fr\/wp-json\/wp\/v2\/types\/product"}],"wp:featuredmedia":[{"embeddable":true,"href":"https:\/\/verticaltechnik.ch\/fr\/wp-json\/wp\/v2\/media\/57754"}],"wp:attachment":[{"href":"https:\/\/verticaltechnik.ch\/fr\/wp-json\/wp\/v2\/media?parent=48882"}],"wp:term":[{"taxonomy":"product_brand","embeddable":true,"href":"https:\/\/verticaltechnik.ch\/fr\/wp-json\/wp\/v2\/product_brand?post=48882"},{"taxonomy":"product_cat","embeddable":true,"href":"https:\/\/verticaltechnik.ch\/fr\/wp-json\/wp\/v2\/product_cat?post=48882"},{"taxonomy":"product_tag","embeddable":true,"href":"https:\/\/verticaltechnik.ch\/fr\/wp-json\/wp\/v2\/product_tag?post=48882"}],"curies":[{"name":"wp","href":"https:\/\/api.w.org\/{rel}","templated":true}]}}