{"id":48896,"date":"2025-08-28T10:45:20","date_gmt":"2025-08-28T10:45:20","guid":{"rendered":"https:\/\/newvt.verticaltechnik.ch\/product\/poncage-de-surface-asphaltee\/"},"modified":"2025-08-28T10:45:20","modified_gmt":"2025-08-28T10:45:20","slug":"poncage-de-surface-asphaltee","status":"publish","type":"product","link":"https:\/\/verticaltechnik.ch\/fr\/product\/poncage-de-surface-asphaltee\/","title":{"rendered":"Pon\u00e7age de surface asphalt\u00e9e"},"content":{"rendered":"<p>Installation du chantier, travaux pr\u00e9paratoires, pon\u00e7age de l&rsquo;asphalte max. 5 mm, incl. utilisation des machines et usure des meules diamant\u00e9es, nettoyage et \u00e9limination de la poussi\u00e8re de pon\u00e7age. <\/p>\n","protected":false},"excerpt":{"rendered":"<p>Installation du chantier, travaux pr\u00e9paratoires, pon\u00e7age de l&rsquo;asphalte max. 5 mm, incl. utilisation des machines et usure des meules diamant\u00e9es, nettoyage et \u00e9limination de la poussi\u00e8re de pon\u00e7age.<\/p>\n","protected":false},"featured_media":42550,"template":"","meta":[],"product_brand":[],"product_cat":[11993],"product_tag":[],"class_list":{"0":"post-48896","1":"product","2":"type-product","3":"status-publish","4":"has-post-thumbnail","6":"product_cat-revisions","8":"first","9":"instock","10":"shipping-taxable","11":"purchasable","12":"product-type-simple"},"_links":{"self":[{"href":"https:\/\/verticaltechnik.ch\/fr\/wp-json\/wp\/v2\/product\/48896","targetHints":{"allow":["GET"]}}],"collection":[{"href":"https:\/\/verticaltechnik.ch\/fr\/wp-json\/wp\/v2\/product"}],"about":[{"href":"https:\/\/verticaltechnik.ch\/fr\/wp-json\/wp\/v2\/types\/product"}],"wp:featuredmedia":[{"embeddable":true,"href":"https:\/\/verticaltechnik.ch\/fr\/wp-json\/wp\/v2\/media\/42550"}],"wp:attachment":[{"href":"https:\/\/verticaltechnik.ch\/fr\/wp-json\/wp\/v2\/media?parent=48896"}],"wp:term":[{"taxonomy":"product_brand","embeddable":true,"href":"https:\/\/verticaltechnik.ch\/fr\/wp-json\/wp\/v2\/product_brand?post=48896"},{"taxonomy":"product_cat","embeddable":true,"href":"https:\/\/verticaltechnik.ch\/fr\/wp-json\/wp\/v2\/product_cat?post=48896"},{"taxonomy":"product_tag","embeddable":true,"href":"https:\/\/verticaltechnik.ch\/fr\/wp-json\/wp\/v2\/product_tag?post=48896"}],"curies":[{"name":"wp","href":"https:\/\/api.w.org\/{rel}","templated":true}]}}