{"id":48901,"date":"2025-08-28T10:45:19","date_gmt":"2025-08-28T10:45:19","guid":{"rendered":"https:\/\/newvt.verticaltechnik.ch\/product\/banc-avec-echelle\/"},"modified":"2025-08-28T10:45:19","modified_gmt":"2025-08-28T10:45:19","slug":"banc-avec-echelle","status":"publish","type":"product","link":"https:\/\/verticaltechnik.ch\/fr\/produit\/banc-avec-echelle\/","title":{"rendered":"Banc avec \u00e9chelle"},"content":{"rendered":"<p>Poteaux en tube d&rsquo;acier 120 x 120 x 5 mm avec couvercle soud\u00e9<br \/>\nBarres rondes en tube 33,7 x 4 mm et 48,3 x 4 mm<br \/>\nFixations avec vis antivandalisme en acier inoxydable M10<br \/>\nPi\u00e8ces m\u00e9talliques en acier galvanis\u00e9<br \/>\nPoteaux galvanis\u00e9s et rev\u00eatus par poudre (couleur au choix du client)<br \/>\nPoteaux \u00e0 visser sur socle en b\u00e9ton avec ancrages en b\u00e9ton M10 galvanis\u00e9s<\/p>\n","protected":false},"excerpt":{"rendered":"<p>Poteaux en tube d&rsquo;acier 120 x 120 x 5 mm avec couvercle soud\u00e9 Barres rondes en tube 33,7 x 4 mm et 48,3 x 4 mm Fixations avec vis antivandalisme&#8230;<\/p>\n","protected":false},"featured_media":42554,"template":"","meta":[],"product_brand":[],"product_cat":[11825],"product_tag":[],"class_list":{"0":"post-48901","1":"product","2":"type-product","3":"status-publish","4":"has-post-thumbnail","6":"product_cat-street-workout-fr","8":"first","9":"instock","10":"shipping-taxable","11":"purchasable","12":"product-type-simple"},"_links":{"self":[{"href":"https:\/\/verticaltechnik.ch\/fr\/wp-json\/wp\/v2\/product\/48901","targetHints":{"allow":["GET"]}}],"collection":[{"href":"https:\/\/verticaltechnik.ch\/fr\/wp-json\/wp\/v2\/product"}],"about":[{"href":"https:\/\/verticaltechnik.ch\/fr\/wp-json\/wp\/v2\/types\/product"}],"wp:featuredmedia":[{"embeddable":true,"href":"https:\/\/verticaltechnik.ch\/fr\/wp-json\/wp\/v2\/media\/42554"}],"wp:attachment":[{"href":"https:\/\/verticaltechnik.ch\/fr\/wp-json\/wp\/v2\/media?parent=48901"}],"wp:term":[{"taxonomy":"product_brand","embeddable":true,"href":"https:\/\/verticaltechnik.ch\/fr\/wp-json\/wp\/v2\/product_brand?post=48901"},{"taxonomy":"product_cat","embeddable":true,"href":"https:\/\/verticaltechnik.ch\/fr\/wp-json\/wp\/v2\/product_cat?post=48901"},{"taxonomy":"product_tag","embeddable":true,"href":"https:\/\/verticaltechnik.ch\/fr\/wp-json\/wp\/v2\/product_tag?post=48901"}],"curies":[{"name":"wp","href":"https:\/\/api.w.org\/{rel}","templated":true}]}}