{"id":48903,"date":"2025-08-28T10:45:17","date_gmt":"2025-08-28T10:45:17","guid":{"rendered":"https:\/\/newvt.verticaltechnik.ch\/product\/installation-de-parkour-01\/"},"modified":"2025-08-28T10:45:17","modified_gmt":"2025-08-28T10:45:17","slug":"installation-de-parkour-01","status":"publish","type":"product","link":"https:\/\/verticaltechnik.ch\/fr\/produit\/installation-de-parkour-01\/","title":{"rendered":"Installation de parkour 01"},"content":{"rendered":"<p>Murs en b\u00e9ton construits selon la norme SIA 118, ar\u00eates et adh\u00e9rence des surfaces sp\u00e9cialement con\u00e7ues pour la pratique du parkour. Installation sur des fondations r\u00e9alis\u00e9es sur place selon nos plans.<br \/>\nY compris les barres d&rsquo;acier galvanis\u00e9es et fix\u00e9es avec des ancrages en b\u00e9ton. <\/p>\n","protected":false},"excerpt":{"rendered":"<p>Murs en b\u00e9ton construits selon la norme SIA 118, ar\u00eates et adh\u00e9rence des surfaces sp\u00e9cialement con\u00e7ues pour la pratique du parkour. Installation sur des fondations r\u00e9alis\u00e9es sur place selon nos&#8230;<\/p>\n","protected":false},"featured_media":42562,"template":"","meta":[],"product_brand":[],"product_cat":[12003],"product_tag":[],"class_list":{"0":"post-48903","1":"product","2":"type-product","3":"status-publish","4":"has-post-thumbnail","6":"product_cat-parkour","8":"first","9":"instock","10":"shipping-taxable","11":"purchasable","12":"product-type-simple"},"_links":{"self":[{"href":"https:\/\/verticaltechnik.ch\/fr\/wp-json\/wp\/v2\/product\/48903","targetHints":{"allow":["GET"]}}],"collection":[{"href":"https:\/\/verticaltechnik.ch\/fr\/wp-json\/wp\/v2\/product"}],"about":[{"href":"https:\/\/verticaltechnik.ch\/fr\/wp-json\/wp\/v2\/types\/product"}],"wp:featuredmedia":[{"embeddable":true,"href":"https:\/\/verticaltechnik.ch\/fr\/wp-json\/wp\/v2\/media\/42562"}],"wp:attachment":[{"href":"https:\/\/verticaltechnik.ch\/fr\/wp-json\/wp\/v2\/media?parent=48903"}],"wp:term":[{"taxonomy":"product_brand","embeddable":true,"href":"https:\/\/verticaltechnik.ch\/fr\/wp-json\/wp\/v2\/product_brand?post=48903"},{"taxonomy":"product_cat","embeddable":true,"href":"https:\/\/verticaltechnik.ch\/fr\/wp-json\/wp\/v2\/product_cat?post=48903"},{"taxonomy":"product_tag","embeddable":true,"href":"https:\/\/verticaltechnik.ch\/fr\/wp-json\/wp\/v2\/product_tag?post=48903"}],"curies":[{"name":"wp","href":"https:\/\/api.w.org\/{rel}","templated":true}]}}