{"id":48912,"date":"2025-08-28T10:45:14","date_gmt":"2025-08-28T10:45:14","guid":{"rendered":"https:\/\/newvt.verticaltechnik.ch\/product\/barre-de-traction-triple-pour-enfants-modele-leger\/"},"modified":"2025-08-28T10:45:14","modified_gmt":"2025-08-28T10:45:14","slug":"barre-de-traction-triple-pour-enfants-modele-leger","status":"publish","type":"product","link":"https:\/\/verticaltechnik.ch\/fr\/produit\/barre-de-traction-triple-pour-enfants-modele-leger\/","title":{"rendered":"Barre de traction triple pour enfants, mod\u00e8le l\u00e9ger"},"content":{"rendered":"<p>La Kids Pull Up Bar sert \u00e0 effectuer des mont\u00e9es \u00e0 la jante et d&rsquo;autres exercices. Les diff\u00e9rentes hauteurs permettent aux enfants de diff\u00e9rentes tailles de faire de la gymnastique sur les barres. Le poteau le plus haut permet \u00e9galement aux enfants de se tenir assis sur la barre.  <\/p>\n","protected":false},"excerpt":{"rendered":"<p>La Kids Pull Up Bar sert \u00e0 effectuer des mont\u00e9es \u00e0 la jante et d&rsquo;autres exercices. Les diff\u00e9rentes hauteurs permettent aux enfants de diff\u00e9rentes tailles de faire de la gymnastique&#8230;<\/p>\n","protected":false},"featured_media":42574,"template":"","meta":[],"product_brand":[],"product_cat":[11997,11998],"product_tag":[],"class_list":{"0":"post-48912","1":"product","2":"type-product","3":"status-publish","4":"has-post-thumbnail","6":"product_cat-version-legere","7":"product_cat-modules","9":"first","10":"instock","11":"shipping-taxable","12":"purchasable","13":"product-type-simple"},"_links":{"self":[{"href":"https:\/\/verticaltechnik.ch\/fr\/wp-json\/wp\/v2\/product\/48912","targetHints":{"allow":["GET"]}}],"collection":[{"href":"https:\/\/verticaltechnik.ch\/fr\/wp-json\/wp\/v2\/product"}],"about":[{"href":"https:\/\/verticaltechnik.ch\/fr\/wp-json\/wp\/v2\/types\/product"}],"wp:featuredmedia":[{"embeddable":true,"href":"https:\/\/verticaltechnik.ch\/fr\/wp-json\/wp\/v2\/media\/42574"}],"wp:attachment":[{"href":"https:\/\/verticaltechnik.ch\/fr\/wp-json\/wp\/v2\/media?parent=48912"}],"wp:term":[{"taxonomy":"product_brand","embeddable":true,"href":"https:\/\/verticaltechnik.ch\/fr\/wp-json\/wp\/v2\/product_brand?post=48912"},{"taxonomy":"product_cat","embeddable":true,"href":"https:\/\/verticaltechnik.ch\/fr\/wp-json\/wp\/v2\/product_cat?post=48912"},{"taxonomy":"product_tag","embeddable":true,"href":"https:\/\/verticaltechnik.ch\/fr\/wp-json\/wp\/v2\/product_tag?post=48912"}],"curies":[{"name":"wp","href":"https:\/\/api.w.org\/{rel}","templated":true}]}}