{"id":48924,"date":"2025-08-28T10:44:20","date_gmt":"2025-08-28T10:44:20","guid":{"rendered":"https:\/\/newvt.verticaltechnik.ch\/product\/mat-galvanise-avec-panneau-dinformation-50x80\/"},"modified":"2025-08-28T10:44:20","modified_gmt":"2025-08-28T10:44:20","slug":"mat-galvanise-avec-panneau-dinformation-50x80","status":"publish","type":"product","link":"https:\/\/verticaltechnik.ch\/fr\/produit\/mat-galvanise-avec-panneau-dinformation-50x80\/","title":{"rendered":"M\u00e2t (galvanis\u00e9) avec panneau d&rsquo;information 50&#215;80"},"content":{"rendered":"<p>Compos\u00e9 d&rsquo;un tube rond de 60,3 x 3,2 mm, d&rsquo;un cadre sup\u00e9rieur en tube rond de 33,3 x 3,2 mm avec un panneau d&rsquo;information de 50&#215;80 cm, en acier galvanis\u00e9, d&rsquo;une plaque de bride soud\u00e9e de 200 x 200 mm en bas, viss\u00e9e sur une base en b\u00e9ton avec des ancrages adh\u00e9sifs M12.<\/p>\n","protected":false},"excerpt":{"rendered":"<p>Compos\u00e9 d&rsquo;un tube rond de 60,3 x 3,2 mm, d&rsquo;un cadre sup\u00e9rieur en tube rond de 33,3 x 3,2 mm avec un panneau d&rsquo;information de 50&#215;80 cm, en acier galvanis\u00e9,&#8230;<\/p>\n","protected":false},"featured_media":42602,"template":"","meta":[],"product_brand":[],"product_cat":[12005,11997,11957],"product_tag":[],"class_list":{"0":"post-48924","1":"product","2":"type-product","3":"status-publish","4":"has-post-thumbnail","6":"product_cat-accessoires","7":"product_cat-version-legere","8":"product_cat-signalisation","10":"first","11":"instock","12":"shipping-taxable","13":"purchasable","14":"product-type-simple"},"_links":{"self":[{"href":"https:\/\/verticaltechnik.ch\/fr\/wp-json\/wp\/v2\/product\/48924","targetHints":{"allow":["GET"]}}],"collection":[{"href":"https:\/\/verticaltechnik.ch\/fr\/wp-json\/wp\/v2\/product"}],"about":[{"href":"https:\/\/verticaltechnik.ch\/fr\/wp-json\/wp\/v2\/types\/product"}],"wp:featuredmedia":[{"embeddable":true,"href":"https:\/\/verticaltechnik.ch\/fr\/wp-json\/wp\/v2\/media\/42602"}],"wp:attachment":[{"href":"https:\/\/verticaltechnik.ch\/fr\/wp-json\/wp\/v2\/media?parent=48924"}],"wp:term":[{"taxonomy":"product_brand","embeddable":true,"href":"https:\/\/verticaltechnik.ch\/fr\/wp-json\/wp\/v2\/product_brand?post=48924"},{"taxonomy":"product_cat","embeddable":true,"href":"https:\/\/verticaltechnik.ch\/fr\/wp-json\/wp\/v2\/product_cat?post=48924"},{"taxonomy":"product_tag","embeddable":true,"href":"https:\/\/verticaltechnik.ch\/fr\/wp-json\/wp\/v2\/product_tag?post=48924"}],"curies":[{"name":"wp","href":"https:\/\/api.w.org\/{rel}","templated":true}]}}