{"id":48925,"date":"2025-08-28T10:44:24","date_gmt":"2025-08-28T10:44:24","guid":{"rendered":"https:\/\/newvt.verticaltechnik.ch\/product\/vis-6-x-60-pour-protection-en-caoutchouc\/"},"modified":"2025-08-28T10:44:24","modified_gmt":"2025-08-28T10:44:24","slug":"vis-6-x-60-pour-protection-en-caoutchouc","status":"publish","type":"product","link":"https:\/\/verticaltechnik.ch\/fr\/product\/vis-6-x-60-pour-protection-en-caoutchouc\/","title":{"rendered":"Vis 6 x 60 pour protection en caoutchouc"},"content":{"rendered":"<p>Vis \u00e0 bois 6 x 60 \u00e0 t\u00eate frais\u00e9e Torx INOX<\/p>\n","protected":false},"excerpt":{"rendered":"<p>Vis \u00e0 bois 6 x 60 \u00e0 t\u00eate frais\u00e9e Torx INOX<\/p>\n","protected":false},"featured_media":42586,"template":"","meta":[],"product_brand":[],"product_cat":[12008],"product_tag":[],"class_list":{"0":"post-48925","1":"product","2":"type-product","3":"status-publish","4":"has-post-thumbnail","6":"product_cat-materiel-de-connexion","8":"first","9":"instock","10":"shipping-taxable","11":"purchasable","12":"product-type-simple"},"_links":{"self":[{"href":"https:\/\/verticaltechnik.ch\/fr\/wp-json\/wp\/v2\/product\/48925","targetHints":{"allow":["GET"]}}],"collection":[{"href":"https:\/\/verticaltechnik.ch\/fr\/wp-json\/wp\/v2\/product"}],"about":[{"href":"https:\/\/verticaltechnik.ch\/fr\/wp-json\/wp\/v2\/types\/product"}],"wp:featuredmedia":[{"embeddable":true,"href":"https:\/\/verticaltechnik.ch\/fr\/wp-json\/wp\/v2\/media\/42586"}],"wp:attachment":[{"href":"https:\/\/verticaltechnik.ch\/fr\/wp-json\/wp\/v2\/media?parent=48925"}],"wp:term":[{"taxonomy":"product_brand","embeddable":true,"href":"https:\/\/verticaltechnik.ch\/fr\/wp-json\/wp\/v2\/product_brand?post=48925"},{"taxonomy":"product_cat","embeddable":true,"href":"https:\/\/verticaltechnik.ch\/fr\/wp-json\/wp\/v2\/product_cat?post=48925"},{"taxonomy":"product_tag","embeddable":true,"href":"https:\/\/verticaltechnik.ch\/fr\/wp-json\/wp\/v2\/product_tag?post=48925"}],"curies":[{"name":"wp","href":"https:\/\/api.w.org\/{rel}","templated":true}]}}