{"id":48950,"date":"2025-08-28T10:44:19","date_gmt":"2025-08-28T10:44:19","guid":{"rendered":"https:\/\/newvt.verticaltechnik.ch\/product\/k01483-leve-jambe-light-galvanise\/"},"modified":"2025-08-28T10:44:19","modified_gmt":"2025-08-28T10:44:19","slug":"k01483-leve-jambe-light-galvanise","status":"publish","type":"product","link":"https:\/\/verticaltechnik.ch\/fr\/produit\/k01483-leve-jambe-light-galvanise\/","title":{"rendered":"K01483 L\u00e8ve-jambe Light (galvanis\u00e9)"},"content":{"rendered":"<p>Compos\u00e9 d&rsquo;un tube carr\u00e9 en acier galvanis\u00e9 de 80 x 80 mm coud\u00e9 \u00e0 640 mm, couvercle soud\u00e9, acier galvanis\u00e9, viss\u00e9 sur un socle en b\u00e9ton avec des ancrages coll\u00e9s M12.<\/p>\n","protected":false},"excerpt":{"rendered":"<p>Compos\u00e9 d&rsquo;un tube carr\u00e9 en acier galvanis\u00e9 de 80 x 80 mm coud\u00e9 \u00e0 640 mm, couvercle soud\u00e9, acier galvanis\u00e9, viss\u00e9 sur un socle en b\u00e9ton avec des ancrages coll\u00e9s&#8230;<\/p>\n","protected":false},"featured_media":42606,"template":"","meta":[],"product_brand":[],"product_cat":[11997,11998],"product_tag":[],"class_list":{"0":"post-48950","1":"product","2":"type-product","3":"status-publish","4":"has-post-thumbnail","6":"product_cat-version-legere","7":"product_cat-modules","9":"first","10":"instock","11":"shipping-taxable","12":"purchasable","13":"product-type-simple"},"_links":{"self":[{"href":"https:\/\/verticaltechnik.ch\/fr\/wp-json\/wp\/v2\/product\/48950","targetHints":{"allow":["GET"]}}],"collection":[{"href":"https:\/\/verticaltechnik.ch\/fr\/wp-json\/wp\/v2\/product"}],"about":[{"href":"https:\/\/verticaltechnik.ch\/fr\/wp-json\/wp\/v2\/types\/product"}],"wp:featuredmedia":[{"embeddable":true,"href":"https:\/\/verticaltechnik.ch\/fr\/wp-json\/wp\/v2\/media\/42606"}],"wp:attachment":[{"href":"https:\/\/verticaltechnik.ch\/fr\/wp-json\/wp\/v2\/media?parent=48950"}],"wp:term":[{"taxonomy":"product_brand","embeddable":true,"href":"https:\/\/verticaltechnik.ch\/fr\/wp-json\/wp\/v2\/product_brand?post=48950"},{"taxonomy":"product_cat","embeddable":true,"href":"https:\/\/verticaltechnik.ch\/fr\/wp-json\/wp\/v2\/product_cat?post=48950"},{"taxonomy":"product_tag","embeddable":true,"href":"https:\/\/verticaltechnik.ch\/fr\/wp-json\/wp\/v2\/product_tag?post=48950"}],"curies":[{"name":"wp","href":"https:\/\/api.w.org\/{rel}","templated":true}]}}