{"id":48958,"date":"2025-08-28T10:44:15","date_gmt":"2025-08-28T10:44:15","guid":{"rendered":"https:\/\/newvt.verticaltechnik.ch\/product\/mat-de-drapeau-avec-panneau-dinformation-50x80-thermolaque\/"},"modified":"2025-08-28T10:44:15","modified_gmt":"2025-08-28T10:44:15","slug":"mat-de-drapeau-avec-panneau-dinformation-50x80-thermolaque","status":"publish","type":"product","link":"https:\/\/verticaltechnik.ch\/fr\/produit\/mat-de-drapeau-avec-panneau-dinformation-50x80-thermolaque\/","title":{"rendered":"M\u00e2t de drapeau avec panneau d&rsquo;information 50&#215;80 (thermolaqu\u00e9)"},"content":{"rendered":"<p>Compos\u00e9 d&rsquo;un tube rond de 60,3 x 3,2 mm, d&rsquo;un cadre sup\u00e9rieur en tube rond de 33,3 x 3,2 mm avec un panneau d&rsquo;information de 50x80cm, en acier galvanis\u00e9, d&rsquo;une plaque de bride soud\u00e9e de 200 x 200 mm en bas, viss\u00e9e sur une base en b\u00e9ton avec des ancrages \u00e0 boulons M12, thermolaqu\u00e9 selon les souhaits du client. <\/p>\n","protected":false},"excerpt":{"rendered":"<p>Compos\u00e9 d&rsquo;un tube rond de 60,3 x 3,2 mm, d&rsquo;un cadre sup\u00e9rieur en tube rond de 33,3 x 3,2 mm avec un panneau d&rsquo;information de 50x80cm, en acier galvanis\u00e9, d&rsquo;une&#8230;<\/p>\n","protected":false},"featured_media":42618,"template":"","meta":[],"product_brand":[],"product_cat":[11998,12020,11957],"product_tag":[],"class_list":{"0":"post-48958","1":"product","2":"type-product","3":"status-publish","4":"has-post-thumbnail","6":"product_cat-modules","8":"product_cat-signalisation","10":"first","11":"instock","12":"shipping-taxable","13":"purchasable","14":"product-type-simple"},"_links":{"self":[{"href":"https:\/\/verticaltechnik.ch\/fr\/wp-json\/wp\/v2\/product\/48958","targetHints":{"allow":["GET"]}}],"collection":[{"href":"https:\/\/verticaltechnik.ch\/fr\/wp-json\/wp\/v2\/product"}],"about":[{"href":"https:\/\/verticaltechnik.ch\/fr\/wp-json\/wp\/v2\/types\/product"}],"wp:featuredmedia":[{"embeddable":true,"href":"https:\/\/verticaltechnik.ch\/fr\/wp-json\/wp\/v2\/media\/42618"}],"wp:attachment":[{"href":"https:\/\/verticaltechnik.ch\/fr\/wp-json\/wp\/v2\/media?parent=48958"}],"wp:term":[{"taxonomy":"product_brand","embeddable":true,"href":"https:\/\/verticaltechnik.ch\/fr\/wp-json\/wp\/v2\/product_brand?post=48958"},{"taxonomy":"product_cat","embeddable":true,"href":"https:\/\/verticaltechnik.ch\/fr\/wp-json\/wp\/v2\/product_cat?post=48958"},{"taxonomy":"product_tag","embeddable":true,"href":"https:\/\/verticaltechnik.ch\/fr\/wp-json\/wp\/v2\/product_tag?post=48958"}],"curies":[{"name":"wp","href":"https:\/\/api.w.org\/{rel}","templated":true}]}}