{"id":48961,"date":"2025-08-28T10:44:16","date_gmt":"2025-08-28T10:44:16","guid":{"rendered":"https:\/\/newvt.verticaltechnik.ch\/product\/barres-paralleles-double-dip-bars-1200-light\/"},"modified":"2025-08-28T10:44:16","modified_gmt":"2025-08-28T10:44:16","slug":"barres-paralleles-double-dip-bars-1200-light","status":"publish","type":"product","link":"https:\/\/verticaltechnik.ch\/fr\/produit\/barres-paralleles-double-dip-bars-1200-light\/","title":{"rendered":"Barres parall\u00e8les Double Dip Bars 1200 light"},"content":{"rendered":"<p>Tube rond 48.3 x 3.2 mm, galvanis\u00e9, fixation avec des plaques \u00e0 bride sur socle en b\u00e9ton avec des vis M10 galvanis\u00e9es.<\/p>\n","protected":false},"excerpt":{"rendered":"<p>Tube rond 48.3 x 3.2 mm, galvanis\u00e9, fixation avec des plaques \u00e0 bride sur socle en b\u00e9ton avec des vis M10 galvanis\u00e9es.<\/p>\n","protected":false},"featured_media":42614,"template":"","meta":[],"product_brand":[],"product_cat":[12005,11997],"product_tag":[],"class_list":{"0":"post-48961","1":"product","2":"type-product","3":"status-publish","4":"has-post-thumbnail","6":"product_cat-accessoires","7":"product_cat-version-legere","9":"first","10":"instock","11":"shipping-taxable","12":"purchasable","13":"product-type-simple"},"_links":{"self":[{"href":"https:\/\/verticaltechnik.ch\/fr\/wp-json\/wp\/v2\/product\/48961","targetHints":{"allow":["GET"]}}],"collection":[{"href":"https:\/\/verticaltechnik.ch\/fr\/wp-json\/wp\/v2\/product"}],"about":[{"href":"https:\/\/verticaltechnik.ch\/fr\/wp-json\/wp\/v2\/types\/product"}],"wp:featuredmedia":[{"embeddable":true,"href":"https:\/\/verticaltechnik.ch\/fr\/wp-json\/wp\/v2\/media\/42614"}],"wp:attachment":[{"href":"https:\/\/verticaltechnik.ch\/fr\/wp-json\/wp\/v2\/media?parent=48961"}],"wp:term":[{"taxonomy":"product_brand","embeddable":true,"href":"https:\/\/verticaltechnik.ch\/fr\/wp-json\/wp\/v2\/product_brand?post=48961"},{"taxonomy":"product_cat","embeddable":true,"href":"https:\/\/verticaltechnik.ch\/fr\/wp-json\/wp\/v2\/product_cat?post=48961"},{"taxonomy":"product_tag","embeddable":true,"href":"https:\/\/verticaltechnik.ch\/fr\/wp-json\/wp\/v2\/product_tag?post=48961"}],"curies":[{"name":"wp","href":"https:\/\/api.w.org\/{rel}","templated":true}]}}