{"id":48971,"date":"2025-08-28T10:44:05","date_gmt":"2025-08-28T10:44:05","guid":{"rendered":"https:\/\/newvt.verticaltechnik.ch\/product\/plateforme-dechange-surface-skateface-pandora-box\/"},"modified":"2025-08-28T10:44:05","modified_gmt":"2025-08-28T10:44:05","slug":"plateforme-dechange-surface-skateface-pandora-box","status":"publish","type":"product","link":"https:\/\/verticaltechnik.ch\/fr\/produit\/plateforme-dechange-surface-skateface-pandora-box\/","title":{"rendered":"Plateforme d&rsquo;\u00e9change Surface SKATEFACE\u00ae Pandora Box"},"content":{"rendered":"<p>D\u00e9montage du rev\u00eatement existant. D\u00e9coupe, marquage des per\u00e7ages, per\u00e7age, fraisage du nouveau rev\u00eatement. Montage du nouveau rev\u00eatement. Mat\u00e9riel de visserie M6 Inox et \u00e9limination des anciens mat\u00e9riaux inclus.   <\/p>\n","protected":false},"excerpt":{"rendered":"<p>D\u00e9montage du rev\u00eatement existant. D\u00e9coupe, marquage des per\u00e7ages, per\u00e7age, fraisage du nouveau rev\u00eatement. Montage du nouveau rev\u00eatement. Mat\u00e9riel de visserie M6 Inox et \u00e9limination des anciens mat\u00e9riaux inclus.<\/p>\n","protected":false},"featured_media":42634,"template":"","meta":[],"product_brand":[],"product_cat":[11925],"product_tag":[],"class_list":{"0":"post-48971","1":"product","2":"type-product","3":"status-publish","4":"has-post-thumbnail","6":"product_cat-remplacement-du-revetement-de-sol","8":"first","9":"instock","10":"shipping-taxable","11":"purchasable","12":"product-type-simple"},"_links":{"self":[{"href":"https:\/\/verticaltechnik.ch\/fr\/wp-json\/wp\/v2\/product\/48971","targetHints":{"allow":["GET"]}}],"collection":[{"href":"https:\/\/verticaltechnik.ch\/fr\/wp-json\/wp\/v2\/product"}],"about":[{"href":"https:\/\/verticaltechnik.ch\/fr\/wp-json\/wp\/v2\/types\/product"}],"wp:featuredmedia":[{"embeddable":true,"href":"https:\/\/verticaltechnik.ch\/fr\/wp-json\/wp\/v2\/media\/42634"}],"wp:attachment":[{"href":"https:\/\/verticaltechnik.ch\/fr\/wp-json\/wp\/v2\/media?parent=48971"}],"wp:term":[{"taxonomy":"product_brand","embeddable":true,"href":"https:\/\/verticaltechnik.ch\/fr\/wp-json\/wp\/v2\/product_brand?post=48971"},{"taxonomy":"product_cat","embeddable":true,"href":"https:\/\/verticaltechnik.ch\/fr\/wp-json\/wp\/v2\/product_cat?post=48971"},{"taxonomy":"product_tag","embeddable":true,"href":"https:\/\/verticaltechnik.ch\/fr\/wp-json\/wp\/v2\/product_tag?post=48971"}],"curies":[{"name":"wp","href":"https:\/\/api.w.org\/{rel}","templated":true}]}}