{"id":48976,"date":"2025-08-28T10:44:12","date_gmt":"2025-08-28T10:44:12","guid":{"rendered":"https:\/\/newvt.verticaltechnik.ch\/product\/echange-de-couvercle-ledge-1-3-1-cote\/"},"modified":"2025-08-28T10:44:12","modified_gmt":"2025-08-28T10:44:12","slug":"echange-de-couvercle-ledge-1-3-1-cote","status":"publish","type":"product","link":"https:\/\/verticaltechnik.ch\/fr\/produit\/echange-de-couvercle-ledge-1-3-1-cote\/","title":{"rendered":"\u00c9change de couvercle Ledge 1\/3 (1 c\u00f4t\u00e9)"},"content":{"rendered":"<p>D\u00e9montage du coffrage existant sur une face. D\u00e9coupe, marquage des per\u00e7ages, per\u00e7age, chanfreinage du nouveau coffrage. Peinture des ar\u00eates et des per\u00e7ages avec du Solarit. Montage du nouveau coffrage sur une face. Mat\u00e9riel de vissage et \u00e9limination des d\u00e9chets inclus.     <\/p>\n","protected":false},"excerpt":{"rendered":"<p>D\u00e9montage du coffrage existant sur une face. D\u00e9coupe, marquage des per\u00e7ages, per\u00e7age, chanfreinage du nouveau coffrage. Peinture des ar\u00eates et des per\u00e7ages avec du Solarit. Montage du nouveau coffrage sur&#8230;<\/p>\n","protected":false},"featured_media":42630,"template":"","meta":[],"product_brand":[],"product_cat":[12025],"product_tag":[],"class_list":{"0":"post-48976","1":"product","2":"type-product","3":"status-publish","4":"has-post-thumbnail","6":"product_cat-remplacement-du-coffrage","8":"first","9":"instock","10":"shipping-taxable","11":"purchasable","12":"product-type-simple"},"_links":{"self":[{"href":"https:\/\/verticaltechnik.ch\/fr\/wp-json\/wp\/v2\/product\/48976","targetHints":{"allow":["GET"]}}],"collection":[{"href":"https:\/\/verticaltechnik.ch\/fr\/wp-json\/wp\/v2\/product"}],"about":[{"href":"https:\/\/verticaltechnik.ch\/fr\/wp-json\/wp\/v2\/types\/product"}],"wp:featuredmedia":[{"embeddable":true,"href":"https:\/\/verticaltechnik.ch\/fr\/wp-json\/wp\/v2\/media\/42630"}],"wp:attachment":[{"href":"https:\/\/verticaltechnik.ch\/fr\/wp-json\/wp\/v2\/media?parent=48976"}],"wp:term":[{"taxonomy":"product_brand","embeddable":true,"href":"https:\/\/verticaltechnik.ch\/fr\/wp-json\/wp\/v2\/product_brand?post=48976"},{"taxonomy":"product_cat","embeddable":true,"href":"https:\/\/verticaltechnik.ch\/fr\/wp-json\/wp\/v2\/product_cat?post=48976"},{"taxonomy":"product_tag","embeddable":true,"href":"https:\/\/verticaltechnik.ch\/fr\/wp-json\/wp\/v2\/product_tag?post=48976"}],"curies":[{"name":"wp","href":"https:\/\/api.w.org\/{rel}","templated":true}]}}