{"id":48994,"date":"2025-08-28T10:43:08","date_gmt":"2025-08-28T10:43:08","guid":{"rendered":"https:\/\/newvt.verticaltechnik.ch\/product\/street-workout-diy-04\/"},"modified":"2025-08-28T10:43:08","modified_gmt":"2025-08-28T10:43:08","slug":"street-workout-diy-04","status":"publish","type":"product","link":"https:\/\/verticaltechnik.ch\/fr\/product\/street-workout-diy-04\/","title":{"rendered":"Street Workout DIY 04"},"content":{"rendered":"<p>Installation de street workout pour usage priv\u00e9, auto-assemblage DIY, installation compos\u00e9e de poteaux et de tubes transversaux galvanis\u00e9s, selon la version \u00e9galement avec des barres de dips. Poteaux en tubes d&rsquo;acier carr\u00e9s robustes de 80x80x4 mm, poteaux avec plaques de base en bas pour la fixation sur des fondations en b\u00e9ton. Chaque poteau pr\u00e9sente des trous sur les quatre c\u00f4t\u00e9s avec un espacement de 120 mm, afin de visser les barres transversales en hauteur selon les besoins \u00e0 l&rsquo;int\u00e9rieur de la grille de trous. La livraison comprend des ancrages en b\u00e9ton pour la fixation des poteaux, ainsi qu&rsquo;un jeu de vis pour les barres transversales (vis Allen, rondelles et \u00e9crous borgnes).    <\/p>\n","protected":false},"excerpt":{"rendered":"<p>Installation de street workout pour usage priv\u00e9, auto-assemblage DIY, installation compos\u00e9e de poteaux et de tubes transversaux galvanis\u00e9s, selon la version \u00e9galement avec des barres de dips. Poteaux en tubes&#8230;<\/p>\n","protected":false},"featured_media":42666,"template":"","meta":[],"product_brand":[],"product_cat":[12027,11825],"product_tag":[],"class_list":{"0":"post-48994","1":"product","2":"type-product","3":"status-publish","4":"has-post-thumbnail","6":"product_cat-set-installations-completes-2","7":"product_cat-street-workout-fr","9":"first","10":"instock","11":"shipping-taxable","12":"purchasable","13":"product-type-simple"},"_links":{"self":[{"href":"https:\/\/verticaltechnik.ch\/fr\/wp-json\/wp\/v2\/product\/48994","targetHints":{"allow":["GET"]}}],"collection":[{"href":"https:\/\/verticaltechnik.ch\/fr\/wp-json\/wp\/v2\/product"}],"about":[{"href":"https:\/\/verticaltechnik.ch\/fr\/wp-json\/wp\/v2\/types\/product"}],"wp:featuredmedia":[{"embeddable":true,"href":"https:\/\/verticaltechnik.ch\/fr\/wp-json\/wp\/v2\/media\/42666"}],"wp:attachment":[{"href":"https:\/\/verticaltechnik.ch\/fr\/wp-json\/wp\/v2\/media?parent=48994"}],"wp:term":[{"taxonomy":"product_brand","embeddable":true,"href":"https:\/\/verticaltechnik.ch\/fr\/wp-json\/wp\/v2\/product_brand?post=48994"},{"taxonomy":"product_cat","embeddable":true,"href":"https:\/\/verticaltechnik.ch\/fr\/wp-json\/wp\/v2\/product_cat?post=48994"},{"taxonomy":"product_tag","embeddable":true,"href":"https:\/\/verticaltechnik.ch\/fr\/wp-json\/wp\/v2\/product_tag?post=48994"}],"curies":[{"name":"wp","href":"https:\/\/api.w.org\/{rel}","templated":true}]}}