{"id":49002,"date":"2025-08-28T10:43:05","date_gmt":"2025-08-28T10:43:05","guid":{"rendered":"https:\/\/newvt.verticaltechnik.ch\/product\/mur-descalade-mobile\/"},"modified":"2025-08-28T10:43:05","modified_gmt":"2025-08-28T10:43:05","slug":"mur-descalade-mobile","status":"publish","type":"product","link":"https:\/\/verticaltechnik.ch\/fr\/product\/mur-descalade-mobile\/","title":{"rendered":"Mur d&rsquo;escalade mobile"},"content":{"rendered":"<p>Mur d&rsquo;escalade mobile avec zone de protection antichute :<br \/>\n Ce mur d&rsquo;escalade mobile peut \u00eatre utilis\u00e9 dans les espaces publics et sans surveillance. Il se compose d&rsquo;un cadre de base horizontal avec rev\u00eatement de protection antichute int\u00e9gr\u00e9 en caoutchouc EPDM, d&rsquo;un mur d&rsquo;escalade avec prises d&rsquo;escalade, d&rsquo;un panneau d&rsquo;information avec les r\u00e8gles et d&rsquo;une protection anti-escalade (toit). La construction et les dimensions sont conformes \u00e0 la norme EN CE 12572 pour les murs d&rsquo;escalade dans les espaces publics.   <\/p>\n<p>Cadre de base 7 m x 2,44 m :<br \/>\n Le cadre de base est en acier galvanis\u00e9 avec pieds r\u00e9glables.<\/p>\n<p>Mur d&rsquo;escalade 4 m x 3 m :<br \/>\n Surface verticale avec de l\u00e9gers d\u00e9calages, prises d&rsquo;escalade de haute qualit\u00e9. Le mur est constitu\u00e9 d&rsquo;un cadre en acier galvanis\u00e9 avec des entretoises, qui est rev\u00eatu \u00e0 l&rsquo;avant et sur les c\u00f4t\u00e9s. L&rsquo;arri\u00e8re est rev\u00eatu de t\u00f4les d&rsquo;aluminium.   <\/p>\n<p>Rev\u00eatement de protection antichute :<br \/>\n Protection antichute perm\u00e9able \u00e0 l&rsquo;eau en EPDM avec couche \u00e9lastique et couche d&rsquo;usure. La couleur peut \u00eatre adapt\u00e9e aux souhaits du client.  <\/p>\n<p>Panneau d&rsquo;information :<br \/>\n Panneau d&rsquo;information personnalisable avec les r\u00e8gles conform\u00e9ment \u00e0 la norme EN CE 12572, galvanis\u00e9 et thermolaqu\u00e9 dans la couleur souhait\u00e9e par le client. <\/p>\n<p>Logistique :<br \/>\n Pour le transport, l&rsquo;appareil est charg\u00e9 en une seule pi\u00e8ce sur la plate-forme d&rsquo;une semi-remorque surbaiss\u00e9e. Sur le lieu de destination, le mur d&rsquo;escalade est d\u00e9charg\u00e9 \u00e0 l&rsquo;aide d&rsquo;une grue de camion mandat\u00e9e localement.  <\/p>\n<p>Montage :<br \/>\n Le montage et le d\u00e9montage sont effectu\u00e9s par une grue de camion. Gr\u00e2ce aux pieds de nivellement sur le cadre m\u00e9tallique, le mur d&rsquo;escalade est align\u00e9 sur le sol. Un r\u00e9servoir d&rsquo;eau de 1000 litres est reli\u00e9 au mur d&rsquo;escalade comme poids pour s\u00e9curiser le mur d&rsquo;escalade contre les vents forts.   <\/p>\n","protected":false},"excerpt":{"rendered":"<p>Mur d&rsquo;escalade mobile avec zone de protection antichute : Ce mur d&rsquo;escalade mobile peut \u00eatre utilis\u00e9 dans les espaces publics et sans surveillance. Il se compose d&rsquo;un cadre de base&#8230;<\/p>\n","protected":false},"featured_media":42678,"template":"","meta":[],"product_brand":[],"product_cat":[11987,12030],"product_tag":[],"class_list":{"0":"post-49002","1":"product","2":"type-product","3":"status-publish","4":"has-post-thumbnail","6":"product_cat-grimper","7":"product_cat-murs-descalade","9":"first","10":"instock","11":"shipping-taxable","12":"purchasable","13":"product-type-simple"},"_links":{"self":[{"href":"https:\/\/verticaltechnik.ch\/fr\/wp-json\/wp\/v2\/product\/49002","targetHints":{"allow":["GET"]}}],"collection":[{"href":"https:\/\/verticaltechnik.ch\/fr\/wp-json\/wp\/v2\/product"}],"about":[{"href":"https:\/\/verticaltechnik.ch\/fr\/wp-json\/wp\/v2\/types\/product"}],"wp:featuredmedia":[{"embeddable":true,"href":"https:\/\/verticaltechnik.ch\/fr\/wp-json\/wp\/v2\/media\/42678"}],"wp:attachment":[{"href":"https:\/\/verticaltechnik.ch\/fr\/wp-json\/wp\/v2\/media?parent=49002"}],"wp:term":[{"taxonomy":"product_brand","embeddable":true,"href":"https:\/\/verticaltechnik.ch\/fr\/wp-json\/wp\/v2\/product_brand?post=49002"},{"taxonomy":"product_cat","embeddable":true,"href":"https:\/\/verticaltechnik.ch\/fr\/wp-json\/wp\/v2\/product_cat?post=49002"},{"taxonomy":"product_tag","embeddable":true,"href":"https:\/\/verticaltechnik.ch\/fr\/wp-json\/wp\/v2\/product_tag?post=49002"}],"curies":[{"name":"wp","href":"https:\/\/api.w.org\/{rel}","templated":true}]}}