{"id":49008,"date":"2025-08-28T10:43:03","date_gmt":"2025-08-28T10:43:03","guid":{"rendered":"https:\/\/newvt.verticaltechnik.ch\/product\/prises-descalade\/"},"modified":"2025-08-28T10:43:03","modified_gmt":"2025-08-28T10:43:03","slug":"prises-descalade","status":"publish","type":"product","link":"https:\/\/verticaltechnik.ch\/fr\/product\/prises-descalade\/","title":{"rendered":"Prises d\u2019escalade"},"content":{"rendered":"<p>Prises d&rsquo;escalade professionnelles avec une surface rugueuse pour une prise s\u00fbre. Elles se fixent \u00e0 l&rsquo;aide de vis de s\u00e9curit\u00e9 M10. <\/p>\n","protected":false},"excerpt":{"rendered":"<p>Prises d&rsquo;escalade professionnelles avec une surface rugueuse pour une prise s\u00fbre. Elles se fixent \u00e0 l&rsquo;aide de vis de s\u00e9curit\u00e9 M10.<\/p>\n","protected":false},"featured_media":42682,"template":"","meta":[],"product_brand":[],"product_cat":[11980],"product_tag":[],"class_list":{"0":"post-49008","1":"product","2":"type-product","3":"status-publish","4":"has-post-thumbnail","6":"product_cat-pieces-detachees","8":"first","9":"instock","10":"shipping-taxable","11":"purchasable","12":"product-type-simple"},"_links":{"self":[{"href":"https:\/\/verticaltechnik.ch\/fr\/wp-json\/wp\/v2\/product\/49008","targetHints":{"allow":["GET"]}}],"collection":[{"href":"https:\/\/verticaltechnik.ch\/fr\/wp-json\/wp\/v2\/product"}],"about":[{"href":"https:\/\/verticaltechnik.ch\/fr\/wp-json\/wp\/v2\/types\/product"}],"wp:featuredmedia":[{"embeddable":true,"href":"https:\/\/verticaltechnik.ch\/fr\/wp-json\/wp\/v2\/media\/42682"}],"wp:attachment":[{"href":"https:\/\/verticaltechnik.ch\/fr\/wp-json\/wp\/v2\/media?parent=49008"}],"wp:term":[{"taxonomy":"product_brand","embeddable":true,"href":"https:\/\/verticaltechnik.ch\/fr\/wp-json\/wp\/v2\/product_brand?post=49008"},{"taxonomy":"product_cat","embeddable":true,"href":"https:\/\/verticaltechnik.ch\/fr\/wp-json\/wp\/v2\/product_cat?post=49008"},{"taxonomy":"product_tag","embeddable":true,"href":"https:\/\/verticaltechnik.ch\/fr\/wp-json\/wp\/v2\/product_tag?post=49008"}],"curies":[{"name":"wp","href":"https:\/\/api.w.org\/{rel}","templated":true}]}}