{"id":49010,"date":"2025-08-28T10:42:56","date_gmt":"2025-08-28T10:42:56","guid":{"rendered":"https:\/\/newvt.verticaltechnik.ch\/product\/occasion-bank-950-25-2-4m\/"},"modified":"2026-02-05T14:38:34","modified_gmt":"2026-02-05T14:38:34","slug":"occasion-bank-950-25-2-4m","status":"publish","type":"product","link":"https:\/\/verticaltechnik.ch\/fr\/produit\/occasion-bank-950-25-2-4m\/","title":{"rendered":"Occasion: Bank 950 25\u00b0 2.4m"},"content":{"rendered":"<p>Ce module sert, entre autres, de rampe d&rsquo;acc\u00e8s. Depuis la plateforme, on se dirige vers un module central pour y r\u00e9aliser des figures. Il sert \u00e9galement de module pour r\u00e9aliser des figures sur le plan inclin\u00e9.<\/p>\n","protected":false},"excerpt":{"rendered":"<p>Ce module sert, entre autres, de rampe d&rsquo;acc\u00e8s. Depuis la plateforme, on se dirige vers un module central pour y r\u00e9aliser des figures. Il sert \u00e9galement de module pour r\u00e9aliser&#8230;<\/p>\n","protected":false},"featured_media":57864,"template":"","meta":[],"product_brand":[],"product_cat":[12033],"product_tag":[],"class_list":{"0":"post-49010","1":"product","2":"type-product","3":"status-publish","4":"has-post-thumbnail","6":"product_cat-occasions","8":"first","9":"instock","10":"shipping-taxable","11":"purchasable","12":"product-type-simple"},"_links":{"self":[{"href":"https:\/\/verticaltechnik.ch\/fr\/wp-json\/wp\/v2\/product\/49010","targetHints":{"allow":["GET"]}}],"collection":[{"href":"https:\/\/verticaltechnik.ch\/fr\/wp-json\/wp\/v2\/product"}],"about":[{"href":"https:\/\/verticaltechnik.ch\/fr\/wp-json\/wp\/v2\/types\/product"}],"wp:featuredmedia":[{"embeddable":true,"href":"https:\/\/verticaltechnik.ch\/fr\/wp-json\/wp\/v2\/media\/57864"}],"wp:attachment":[{"href":"https:\/\/verticaltechnik.ch\/fr\/wp-json\/wp\/v2\/media?parent=49010"}],"wp:term":[{"taxonomy":"product_brand","embeddable":true,"href":"https:\/\/verticaltechnik.ch\/fr\/wp-json\/wp\/v2\/product_brand?post=49010"},{"taxonomy":"product_cat","embeddable":true,"href":"https:\/\/verticaltechnik.ch\/fr\/wp-json\/wp\/v2\/product_cat?post=49010"},{"taxonomy":"product_tag","embeddable":true,"href":"https:\/\/verticaltechnik.ch\/fr\/wp-json\/wp\/v2\/product_tag?post=49010"}],"curies":[{"name":"wp","href":"https:\/\/api.w.org\/{rel}","templated":true}]}}