{"id":49014,"date":"2025-08-28T10:43:02","date_gmt":"2025-08-28T10:43:02","guid":{"rendered":"https:\/\/newvt.verticaltechnik.ch\/product\/occasion-wheelie-table-200-3m\/"},"modified":"2026-02-05T14:28:24","modified_gmt":"2026-02-05T14:28:24","slug":"occasion-wheelie-table-200-3m","status":"publish","type":"product","link":"https:\/\/verticaltechnik.ch\/fr\/produit\/occasion-wheelie-table-200-3m\/","title":{"rendered":"Occasion : Wheelie Table 200 3m"},"content":{"rendered":"<p>Ce module se compose d\u2019une bo\u00eete sur laquelle on peut sauter avec un Ollie. Sur la surface, on r\u00e9alise des figures comme des wheelies (s\u2019\u00e9quilibrer sur deux roues). D\u2019un wheelie, on peut d\u00e9river d\u2019innombrables variations, que l\u2019on ajoute en descendant, comme par exemple un flip \u00e0 360\u00b0 (rotation du skateboard de 360\u00b0 sur l\u2019axe longitudinal) pour ensuite atterrir \u00e0 nouveau dessus. Ce module offre de nombreuses possibilit\u00e9s d\u2019\u00eatre cr\u00e9atif. C\u2019est un module de base tr\u00e8s appr\u00e9ci\u00e9 dans un skatepark. S\u2019il y a suffisamment de place, diff\u00e9rentes hauteurs devraient \u00eatre disponibles afin de proposer diff\u00e9rents niveaux de difficult\u00e9.     <\/p>\n<p>La Wheelie Table peut \u00eatre compl\u00e9t\u00e9e par un rail si vous le souhaitez.<\/p>\n","protected":false},"excerpt":{"rendered":"<p>Ce module se compose d\u2019une bo\u00eete sur laquelle on peut sauter avec un Ollie. Sur la surface, on r\u00e9alise des figures comme des wheelies (s\u2019\u00e9quilibrer sur deux roues). D\u2019un wheelie,&#8230;<\/p>\n","protected":false},"featured_media":57859,"template":"","meta":[],"product_brand":[],"product_cat":[12033],"product_tag":[],"class_list":{"0":"post-49014","1":"product","2":"type-product","3":"status-publish","4":"has-post-thumbnail","6":"product_cat-occasions","8":"first","9":"instock","10":"shipping-taxable","11":"purchasable","12":"product-type-simple"},"_links":{"self":[{"href":"https:\/\/verticaltechnik.ch\/fr\/wp-json\/wp\/v2\/product\/49014","targetHints":{"allow":["GET"]}}],"collection":[{"href":"https:\/\/verticaltechnik.ch\/fr\/wp-json\/wp\/v2\/product"}],"about":[{"href":"https:\/\/verticaltechnik.ch\/fr\/wp-json\/wp\/v2\/types\/product"}],"wp:featuredmedia":[{"embeddable":true,"href":"https:\/\/verticaltechnik.ch\/fr\/wp-json\/wp\/v2\/media\/57859"}],"wp:attachment":[{"href":"https:\/\/verticaltechnik.ch\/fr\/wp-json\/wp\/v2\/media?parent=49014"}],"wp:term":[{"taxonomy":"product_brand","embeddable":true,"href":"https:\/\/verticaltechnik.ch\/fr\/wp-json\/wp\/v2\/product_brand?post=49014"},{"taxonomy":"product_cat","embeddable":true,"href":"https:\/\/verticaltechnik.ch\/fr\/wp-json\/wp\/v2\/product_cat?post=49014"},{"taxonomy":"product_tag","embeddable":true,"href":"https:\/\/verticaltechnik.ch\/fr\/wp-json\/wp\/v2\/product_tag?post=49014"}],"curies":[{"name":"wp","href":"https:\/\/api.w.org\/{rel}","templated":true}]}}