{"id":49021,"date":"2025-08-28T10:42:08","date_gmt":"2025-08-28T10:42:08","guid":{"rendered":"https:\/\/newvt.verticaltechnik.ch\/product\/occasion-rail-droit-tube-rond-style-bateau-6m\/"},"modified":"2026-02-05T14:48:25","modified_gmt":"2026-02-05T14:48:25","slug":"occasion-rail-droit-tube-rond-style-bateau-6m","status":"publish","type":"product","link":"https:\/\/verticaltechnik.ch\/fr\/produit\/occasion-rail-droit-tube-rond-style-bateau-6m\/","title":{"rendered":"Occasion : Rail droit tube rond style bateau 6m"},"content":{"rendered":"<p>Un rail ou un railslide permet de sauter sur la barre avec un ollie et de glisser le long de celle-ci. Ce faisant, des grinds ou des slides sont effectu\u00e9s en pla\u00e7ant le skateboard perpendiculairement ou longitudinalement au rail. Des milliers de figures et de variantes peuvent \u00eatre r\u00e9alis\u00e9es sur ce module. Du simple boardslide \u00e0 la combinaison de plusieurs figures, tout est possible. Un railslide est un module de base qui ne devrait manquer dans aucun skatepark.   Il convient \u00e0 tous les niveaux de difficult\u00e9.<\/p>\n","protected":false},"excerpt":{"rendered":"<p>Un rail ou un railslide permet de sauter sur la barre avec un ollie et de glisser le long de celle-ci. Ce faisant, des grinds ou des slides sont effectu\u00e9s&#8230;<\/p>\n","protected":false},"featured_media":57873,"template":"","meta":[],"product_brand":[],"product_cat":[12033],"product_tag":[],"class_list":{"0":"post-49021","1":"product","2":"type-product","3":"status-publish","4":"has-post-thumbnail","6":"product_cat-occasions","8":"first","9":"instock","10":"shipping-taxable","11":"purchasable","12":"product-type-simple"},"_links":{"self":[{"href":"https:\/\/verticaltechnik.ch\/fr\/wp-json\/wp\/v2\/product\/49021","targetHints":{"allow":["GET"]}}],"collection":[{"href":"https:\/\/verticaltechnik.ch\/fr\/wp-json\/wp\/v2\/product"}],"about":[{"href":"https:\/\/verticaltechnik.ch\/fr\/wp-json\/wp\/v2\/types\/product"}],"wp:featuredmedia":[{"embeddable":true,"href":"https:\/\/verticaltechnik.ch\/fr\/wp-json\/wp\/v2\/media\/57873"}],"wp:attachment":[{"href":"https:\/\/verticaltechnik.ch\/fr\/wp-json\/wp\/v2\/media?parent=49021"}],"wp:term":[{"taxonomy":"product_brand","embeddable":true,"href":"https:\/\/verticaltechnik.ch\/fr\/wp-json\/wp\/v2\/product_brand?post=49021"},{"taxonomy":"product_cat","embeddable":true,"href":"https:\/\/verticaltechnik.ch\/fr\/wp-json\/wp\/v2\/product_cat?post=49021"},{"taxonomy":"product_tag","embeddable":true,"href":"https:\/\/verticaltechnik.ch\/fr\/wp-json\/wp\/v2\/product_tag?post=49021"}],"curies":[{"name":"wp","href":"https:\/\/api.w.org\/{rel}","templated":true}]}}