{"id":49022,"date":"2025-08-28T10:46:22","date_gmt":"2025-08-28T10:46:22","guid":{"rendered":"https:\/\/newvt.verticaltechnik.ch\/product\/banc-en-granit-3m\/"},"modified":"2026-02-04T14:52:19","modified_gmt":"2026-02-04T14:52:19","slug":"banc-en-granit-3m","status":"publish","type":"product","link":"https:\/\/verticaltechnik.ch\/fr\/product\/banc-en-granit-3m\/","title":{"rendered":"Banc en granit 3m"},"content":{"rendered":"<p>Construction massive en granit. Pieds en acier galvanis\u00e9. Ce produit est pr\u00e9assembl\u00e9 en usine et livr\u00e9 en tant qu&rsquo;installation finie.  <\/p>\n","protected":false},"excerpt":{"rendered":"<p>Construction massive en granit. Pieds en acier galvanis\u00e9. Ce produit est pr\u00e9assembl\u00e9 en usine et livr\u00e9 en tant qu&rsquo;installation finie.<\/p>\n","protected":false},"featured_media":42506,"template":"","meta":[],"product_brand":[],"product_cat":[11907,11939],"product_tag":[],"class_list":{"0":"post-49022","1":"product","2":"type-product","3":"status-publish","4":"has-post-thumbnail","6":"product_cat-installations-de-skate-en-granit","7":"product_cat-petits-modules","9":"first","10":"instock","11":"shipping-taxable","12":"purchasable","13":"product-type-simple"},"_links":{"self":[{"href":"https:\/\/verticaltechnik.ch\/fr\/wp-json\/wp\/v2\/product\/49022","targetHints":{"allow":["GET"]}}],"collection":[{"href":"https:\/\/verticaltechnik.ch\/fr\/wp-json\/wp\/v2\/product"}],"about":[{"href":"https:\/\/verticaltechnik.ch\/fr\/wp-json\/wp\/v2\/types\/product"}],"wp:featuredmedia":[{"embeddable":true,"href":"https:\/\/verticaltechnik.ch\/fr\/wp-json\/wp\/v2\/media\/42506"}],"wp:attachment":[{"href":"https:\/\/verticaltechnik.ch\/fr\/wp-json\/wp\/v2\/media?parent=49022"}],"wp:term":[{"taxonomy":"product_brand","embeddable":true,"href":"https:\/\/verticaltechnik.ch\/fr\/wp-json\/wp\/v2\/product_brand?post=49022"},{"taxonomy":"product_cat","embeddable":true,"href":"https:\/\/verticaltechnik.ch\/fr\/wp-json\/wp\/v2\/product_cat?post=49022"},{"taxonomy":"product_tag","embeddable":true,"href":"https:\/\/verticaltechnik.ch\/fr\/wp-json\/wp\/v2\/product_tag?post=49022"}],"curies":[{"name":"wp","href":"https:\/\/api.w.org\/{rel}","templated":true}]}}