{"id":49083,"date":"2025-08-28T11:05:12","date_gmt":"2025-08-28T11:05:12","guid":{"rendered":"https:\/\/newvt.verticaltechnik.ch\/product\/agencement-personnalise\/"},"modified":"2025-08-28T11:05:12","modified_gmt":"2025-08-28T11:05:12","slug":"agencement-personnalise","status":"publish","type":"product","link":"https:\/\/verticaltechnik.ch\/fr\/product\/agencement-personnalise\/","title":{"rendered":"AGENCEMENT PERSONNALIS\u00c9"},"content":{"rendered":"<p>Nous trouvons l\u2019agencement personnalis\u00e9 adapt\u00e9 \u00e0 vos besoins, en fonction de la surface et du budget.<\/p>\n<p>La Park Edition en FIBERGLAS, avec sa chauss\u00e9e extra large, assure un plaisir de conduite encore plus rapide et une s\u00e9curit\u00e9 maximale sur le Pumptrack modulaire. Pr\u00e9f\u00e9r\u00e9 pour une utilisation permanente, mais aussi possible en mobilit\u00e9 limit\u00e9e ! <\/p>\n","protected":false},"excerpt":{"rendered":"<p>Nous trouvons l\u2019agencement personnalis\u00e9 adapt\u00e9 \u00e0 vos besoins, en fonction de la surface et du budget. La Park Edition en FIBERGLAS, avec sa chauss\u00e9e extra large, assure un plaisir de&#8230;<\/p>\n","protected":false},"featured_media":47391,"template":"","meta":[],"product_brand":[],"product_cat":[12039],"product_tag":[],"class_list":{"0":"post-49083","1":"product","2":"type-product","3":"status-publish","4":"has-post-thumbnail","6":"product_cat-park-edition","8":"first","9":"instock","10":"shipping-taxable","11":"purchasable","12":"product-type-simple"},"_links":{"self":[{"href":"https:\/\/verticaltechnik.ch\/fr\/wp-json\/wp\/v2\/product\/49083","targetHints":{"allow":["GET"]}}],"collection":[{"href":"https:\/\/verticaltechnik.ch\/fr\/wp-json\/wp\/v2\/product"}],"about":[{"href":"https:\/\/verticaltechnik.ch\/fr\/wp-json\/wp\/v2\/types\/product"}],"wp:featuredmedia":[{"embeddable":true,"href":"https:\/\/verticaltechnik.ch\/fr\/wp-json\/wp\/v2\/media\/47391"}],"wp:attachment":[{"href":"https:\/\/verticaltechnik.ch\/fr\/wp-json\/wp\/v2\/media?parent=49083"}],"wp:term":[{"taxonomy":"product_brand","embeddable":true,"href":"https:\/\/verticaltechnik.ch\/fr\/wp-json\/wp\/v2\/product_brand?post=49083"},{"taxonomy":"product_cat","embeddable":true,"href":"https:\/\/verticaltechnik.ch\/fr\/wp-json\/wp\/v2\/product_cat?post=49083"},{"taxonomy":"product_tag","embeddable":true,"href":"https:\/\/verticaltechnik.ch\/fr\/wp-json\/wp\/v2\/product_tag?post=49083"}],"curies":[{"name":"wp","href":"https:\/\/api.w.org\/{rel}","templated":true}]}}