{"id":49098,"date":"2025-08-28T10:46:20","date_gmt":"2025-08-28T10:46:20","guid":{"rendered":"https:\/\/newvt.verticaltechnik.ch\/product\/support-pour-2-panneaux-dinformation-70x100-et-50x80-avec-panneaux-dinformation\/"},"modified":"2025-08-28T10:46:20","modified_gmt":"2025-08-28T10:46:20","slug":"support-pour-2-panneaux-dinformation-70x100-et-50x80-avec-panneaux-dinformation","status":"publish","type":"product","link":"https:\/\/verticaltechnik.ch\/fr\/produit\/support-pour-2-panneaux-dinformation-70x100-et-50x80-avec-panneaux-dinformation\/","title":{"rendered":"Support pour 2 panneaux d&rsquo;information (70&#215;100 et 50&#215;80) avec panneaux d&rsquo;information"},"content":{"rendered":"<p>Ce support en acier galvanis\u00e9 peut \u00eatre install\u00e9 n&rsquo;importe o\u00f9 sur un sol en goudron ou sur un sol en herbe. Cela permet de le placer directement dans la zone d&rsquo;entr\u00e9e o\u00f9 il est vu par chaque utilisateur. Ce produit est compatible avec K00748  <\/p>\n","protected":false},"excerpt":{"rendered":"<p>Ce support en acier galvanis\u00e9 peut \u00eatre install\u00e9 n&rsquo;importe o\u00f9 sur un sol en goudron ou sur un sol en herbe. Cela permet de le placer directement dans la zone&#8230;<\/p>\n","protected":false},"featured_media":42514,"template":"","meta":[],"product_brand":[],"product_cat":[11957],"product_tag":[],"class_list":{"0":"post-49098","1":"product","2":"type-product","3":"status-publish","4":"has-post-thumbnail","6":"product_cat-signalisation","8":"first","9":"instock","10":"shipping-taxable","11":"purchasable","12":"product-type-simple"},"_links":{"self":[{"href":"https:\/\/verticaltechnik.ch\/fr\/wp-json\/wp\/v2\/product\/49098","targetHints":{"allow":["GET"]}}],"collection":[{"href":"https:\/\/verticaltechnik.ch\/fr\/wp-json\/wp\/v2\/product"}],"about":[{"href":"https:\/\/verticaltechnik.ch\/fr\/wp-json\/wp\/v2\/types\/product"}],"wp:featuredmedia":[{"embeddable":true,"href":"https:\/\/verticaltechnik.ch\/fr\/wp-json\/wp\/v2\/media\/42514"}],"wp:attachment":[{"href":"https:\/\/verticaltechnik.ch\/fr\/wp-json\/wp\/v2\/media?parent=49098"}],"wp:term":[{"taxonomy":"product_brand","embeddable":true,"href":"https:\/\/verticaltechnik.ch\/fr\/wp-json\/wp\/v2\/product_brand?post=49098"},{"taxonomy":"product_cat","embeddable":true,"href":"https:\/\/verticaltechnik.ch\/fr\/wp-json\/wp\/v2\/product_cat?post=49098"},{"taxonomy":"product_tag","embeddable":true,"href":"https:\/\/verticaltechnik.ch\/fr\/wp-json\/wp\/v2\/product_tag?post=49098"}],"curies":[{"name":"wp","href":"https:\/\/api.w.org\/{rel}","templated":true}]}}