{"id":49112,"date":"2025-08-28T10:46:16","date_gmt":"2025-08-28T10:46:16","guid":{"rendered":"https:\/\/newvt.verticaltechnik.ch\/product\/surface-de-roulement-exchange-skateface\/"},"modified":"2025-08-28T10:46:16","modified_gmt":"2025-08-28T10:46:16","slug":"surface-de-roulement-exchange-skateface","status":"publish","type":"product","link":"https:\/\/verticaltechnik.ch\/fr\/produit\/surface-de-roulement-exchange-skateface\/","title":{"rendered":"Surface de roulement Exchange SKATEFACE\u00ae"},"content":{"rendered":"<p>D\u00e9montage du rev\u00eatement de sol existant. D\u00e9coupe, marquage des per\u00e7ages, per\u00e7age, chanfreinage du nouveau rev\u00eatement de sol. Montage du nouveau rev\u00eatement de sol. Mat\u00e9riel de visserie et \u00e9limination des d\u00e9chets inclus.    <\/p>\n","protected":false},"excerpt":{"rendered":"<p>D\u00e9montage du rev\u00eatement de sol existant. D\u00e9coupe, marquage des per\u00e7ages, per\u00e7age, chanfreinage du nouveau rev\u00eatement de sol. Montage du nouveau rev\u00eatement de sol. Mat\u00e9riel de visserie et \u00e9limination des d\u00e9chets&#8230;<\/p>\n","protected":false},"featured_media":42526,"template":"","meta":[],"product_brand":[],"product_cat":[11925],"product_tag":[],"class_list":{"0":"post-49112","1":"product","2":"type-product","3":"status-publish","4":"has-post-thumbnail","6":"product_cat-remplacement-du-revetement-de-sol","8":"first","9":"instock","10":"shipping-taxable","11":"purchasable","12":"product-type-simple"},"_links":{"self":[{"href":"https:\/\/verticaltechnik.ch\/fr\/wp-json\/wp\/v2\/product\/49112","targetHints":{"allow":["GET"]}}],"collection":[{"href":"https:\/\/verticaltechnik.ch\/fr\/wp-json\/wp\/v2\/product"}],"about":[{"href":"https:\/\/verticaltechnik.ch\/fr\/wp-json\/wp\/v2\/types\/product"}],"wp:featuredmedia":[{"embeddable":true,"href":"https:\/\/verticaltechnik.ch\/fr\/wp-json\/wp\/v2\/media\/42526"}],"wp:attachment":[{"href":"https:\/\/verticaltechnik.ch\/fr\/wp-json\/wp\/v2\/media?parent=49112"}],"wp:term":[{"taxonomy":"product_brand","embeddable":true,"href":"https:\/\/verticaltechnik.ch\/fr\/wp-json\/wp\/v2\/product_brand?post=49112"},{"taxonomy":"product_cat","embeddable":true,"href":"https:\/\/verticaltechnik.ch\/fr\/wp-json\/wp\/v2\/product_cat?post=49112"},{"taxonomy":"product_tag","embeddable":true,"href":"https:\/\/verticaltechnik.ch\/fr\/wp-json\/wp\/v2\/product_tag?post=49112"}],"curies":[{"name":"wp","href":"https:\/\/api.w.org\/{rel}","templated":true}]}}