{"id":49124,"date":"2025-08-28T09:41:09","date_gmt":"2025-08-28T09:41:09","guid":{"rendered":"https:\/\/newvt.verticaltechnik.ch\/product\/double-steps-bank-400-650-2400-28-x-3m\/"},"modified":"2026-02-04T13:36:35","modified_gmt":"2026-02-04T13:36:35","slug":"double-steps-bank-400-650-2400-28-x-3m","status":"publish","type":"product","link":"https:\/\/verticaltechnik.ch\/fr\/produit\/double-steps-bank-400-650-2400-28-x-3m\/","title":{"rendered":"Double Steps Bank 400 650 2400 28\u00b0 x 3m"},"content":{"rendered":"<p>Une Double Steps Bank est une combinaison d&rsquo;une double marche avec un plan inclin\u00e9. On peut y faire des tailslides, des boardslides et des grinds. Elle est int\u00e9ressante car on peut r\u00e9aliser de nombreuses combinaisons de figures.   <\/p>\n","protected":false},"excerpt":{"rendered":"<p>Une Double Steps Bank est une combinaison d&rsquo;une double marche avec un plan inclin\u00e9. On peut y faire des tailslides, des boardslides et des grinds. Elle est int\u00e9ressante car on&#8230;<\/p>\n","protected":false},"featured_media":45118,"template":"","meta":[],"product_brand":[],"product_cat":[11843],"product_tag":[],"class_list":{"0":"post-49124","1":"product","2":"type-product","3":"status-publish","4":"has-post-thumbnail","6":"product_cat-double-steps-avec-bank-28","8":"first","9":"instock","10":"shipping-taxable","11":"purchasable","12":"product-type-simple"},"_links":{"self":[{"href":"https:\/\/verticaltechnik.ch\/fr\/wp-json\/wp\/v2\/product\/49124","targetHints":{"allow":["GET"]}}],"collection":[{"href":"https:\/\/verticaltechnik.ch\/fr\/wp-json\/wp\/v2\/product"}],"about":[{"href":"https:\/\/verticaltechnik.ch\/fr\/wp-json\/wp\/v2\/types\/product"}],"wp:featuredmedia":[{"embeddable":true,"href":"https:\/\/verticaltechnik.ch\/fr\/wp-json\/wp\/v2\/media\/45118"}],"wp:attachment":[{"href":"https:\/\/verticaltechnik.ch\/fr\/wp-json\/wp\/v2\/media?parent=49124"}],"wp:term":[{"taxonomy":"product_brand","embeddable":true,"href":"https:\/\/verticaltechnik.ch\/fr\/wp-json\/wp\/v2\/product_brand?post=49124"},{"taxonomy":"product_cat","embeddable":true,"href":"https:\/\/verticaltechnik.ch\/fr\/wp-json\/wp\/v2\/product_cat?post=49124"},{"taxonomy":"product_tag","embeddable":true,"href":"https:\/\/verticaltechnik.ch\/fr\/wp-json\/wp\/v2\/product_tag?post=49124"}],"curies":[{"name":"wp","href":"https:\/\/api.w.org\/{rel}","templated":true}]}}