{"id":49143,"date":"2025-08-28T09:48:54","date_gmt":"2025-08-28T09:48:54","guid":{"rendered":"https:\/\/newvt.verticaltechnik.ch\/product\/pandora-box-600-2-4m-big\/"},"modified":"2025-08-28T09:48:54","modified_gmt":"2025-08-28T09:48:54","slug":"pandora-box-600-2-4m-big","status":"publish","type":"product","link":"https:\/\/verticaltechnik.ch\/fr\/produit\/pandora-box-600-2-4m-big\/","title":{"rendered":"Pandora Box 600 2.4m big"},"content":{"rendered":"<p>La Pandora Box est un module central avec deux plans inclin\u00e9s et une plate-forme entre les deux. Selon la variante, elle est \u00e9quip\u00e9e d&rsquo;un mur et de rails. Une Pandora Box peut \u00eatre survol\u00e9e en sautant sur le premier plan inclin\u00e9, en effectuant une figure en l&rsquo;air et en atterrissant ensuite sur le deuxi\u00e8me plan inclin\u00e9. Cependant, elle peut \u00e9galement \u00eatre utilis\u00e9e pour sauter du premier plan inclin\u00e9 sur un mur ou un rail et y effectuer une figure. Ensuite, vous atterrissez \u00e0 nouveau sur le deuxi\u00e8me plan inclin\u00e9 ou au sol, selon la longueur du mur ou du rail. Ce module n\u00e9cessite une distance d&rsquo;environ 7 m\u00e8tres d&rsquo;un \u00e9l\u00e9ment d&rsquo;\u00e9lan afin que les utilisateurs aient suffisamment de temps pour se pr\u00e9parer \u00e0 effectuer un trick. Ce produit est compatible avec K00117 + + K00212 + K00215 + K00217 + K00219 + K00364 + K00222 + K00367 + K00224 + K00369.      <\/p>\n","protected":false},"excerpt":{"rendered":"<p>La Pandora Box est un module central avec deux plans inclin\u00e9s et une plate-forme entre les deux. Selon la variante, elle est \u00e9quip\u00e9e d&rsquo;un mur et de rails. Une Pandora&#8230;<\/p>\n","protected":false},"featured_media":44734,"template":"","meta":[],"product_brand":[],"product_cat":[11878],"product_tag":[],"class_list":{"0":"post-49143","1":"product","2":"type-product","3":"status-publish","4":"has-post-thumbnail","6":"product_cat-grand-module-pandora-box","8":"first","9":"instock","10":"shipping-taxable","11":"purchasable","12":"product-type-simple"},"_links":{"self":[{"href":"https:\/\/verticaltechnik.ch\/fr\/wp-json\/wp\/v2\/product\/49143","targetHints":{"allow":["GET"]}}],"collection":[{"href":"https:\/\/verticaltechnik.ch\/fr\/wp-json\/wp\/v2\/product"}],"about":[{"href":"https:\/\/verticaltechnik.ch\/fr\/wp-json\/wp\/v2\/types\/product"}],"wp:featuredmedia":[{"embeddable":true,"href":"https:\/\/verticaltechnik.ch\/fr\/wp-json\/wp\/v2\/media\/44734"}],"wp:attachment":[{"href":"https:\/\/verticaltechnik.ch\/fr\/wp-json\/wp\/v2\/media?parent=49143"}],"wp:term":[{"taxonomy":"product_brand","embeddable":true,"href":"https:\/\/verticaltechnik.ch\/fr\/wp-json\/wp\/v2\/product_brand?post=49143"},{"taxonomy":"product_cat","embeddable":true,"href":"https:\/\/verticaltechnik.ch\/fr\/wp-json\/wp\/v2\/product_cat?post=49143"},{"taxonomy":"product_tag","embeddable":true,"href":"https:\/\/verticaltechnik.ch\/fr\/wp-json\/wp\/v2\/product_tag?post=49143"}],"curies":[{"name":"wp","href":"https:\/\/api.w.org\/{rel}","templated":true}]}}