{"id":49144,"date":"2025-08-28T09:48:57","date_gmt":"2025-08-28T09:48:57","guid":{"rendered":"https:\/\/newvt.verticaltechnik.ch\/product\/ledge-1-3-flat-big\/"},"modified":"2025-08-28T09:48:57","modified_gmt":"2025-08-28T09:48:57","slug":"ledge-1-3-flat-big","status":"publish","type":"product","link":"https:\/\/verticaltechnik.ch\/fr\/produit\/ledge-1-3-flat-big\/","title":{"rendered":"Ledge 1\/3 flat big"},"content":{"rendered":"<p>Un ledge est un mur mont\u00e9 qui est utilis\u00e9 pour effectuer des grinds et des slides. Les ledges sont install\u00e9s au sol ou sur des pandora boxes et des pyramides. <\/p>\n","protected":false},"excerpt":{"rendered":"<p>Un ledge est un mur mont\u00e9 qui est utilis\u00e9 pour effectuer des grinds et des slides. Les ledges sont install\u00e9s au sol ou sur des pandora boxes et des pyramides.<\/p>\n","protected":false},"featured_media":44726,"template":"","meta":[],"product_brand":[],"product_cat":[11878],"product_tag":[],"class_list":{"0":"post-49144","1":"product","2":"type-product","3":"status-publish","4":"has-post-thumbnail","6":"product_cat-grand-module-pandora-box","8":"first","9":"instock","10":"shipping-taxable","11":"purchasable","12":"product-type-simple"},"_links":{"self":[{"href":"https:\/\/verticaltechnik.ch\/fr\/wp-json\/wp\/v2\/product\/49144","targetHints":{"allow":["GET"]}}],"collection":[{"href":"https:\/\/verticaltechnik.ch\/fr\/wp-json\/wp\/v2\/product"}],"about":[{"href":"https:\/\/verticaltechnik.ch\/fr\/wp-json\/wp\/v2\/types\/product"}],"wp:featuredmedia":[{"embeddable":true,"href":"https:\/\/verticaltechnik.ch\/fr\/wp-json\/wp\/v2\/media\/44726"}],"wp:attachment":[{"href":"https:\/\/verticaltechnik.ch\/fr\/wp-json\/wp\/v2\/media?parent=49144"}],"wp:term":[{"taxonomy":"product_brand","embeddable":true,"href":"https:\/\/verticaltechnik.ch\/fr\/wp-json\/wp\/v2\/product_brand?post=49144"},{"taxonomy":"product_cat","embeddable":true,"href":"https:\/\/verticaltechnik.ch\/fr\/wp-json\/wp\/v2\/product_cat?post=49144"},{"taxonomy":"product_tag","embeddable":true,"href":"https:\/\/verticaltechnik.ch\/fr\/wp-json\/wp\/v2\/product_tag?post=49144"}],"curies":[{"name":"wp","href":"https:\/\/api.w.org\/{rel}","templated":true}]}}