{"id":49148,"date":"2025-08-28T09:48:55","date_gmt":"2025-08-28T09:48:55","guid":{"rendered":"https:\/\/newvt.verticaltechnik.ch\/product\/pyramide-600-3-sided-big\/"},"modified":"2025-08-28T09:48:55","modified_gmt":"2025-08-28T09:48:55","slug":"pyramide-600-3-sided-big","status":"publish","type":"product","link":"https:\/\/verticaltechnik.ch\/fr\/produit\/pyramide-600-3-sided-big\/","title":{"rendered":"Pyramide 600 3-sided big"},"content":{"rendered":"<p>La pyramide est une extension d&rsquo;une bo\u00eete Pandora. Elle est ferm\u00e9e sur trois c\u00f4t\u00e9s et peut \u00eatre abord\u00e9e de tous les c\u00f4t\u00e9s. Il est possible de la franchir par un angle et d&rsquo;effectuer des figures comme le kick flips to fakie, en changeant ainsi de direction de 90\u00b0. Il est \u00e9galement possible de la survoler dans le sens de la longueur comme une Pandora Box ou d&rsquo;effectuer des tricks sur les murs et les rails. Ce produit est compatible avec le K00116.    <\/p>\n","protected":false},"excerpt":{"rendered":"<p>La pyramide est une extension d&rsquo;une bo\u00eete Pandora. Elle est ferm\u00e9e sur trois c\u00f4t\u00e9s et peut \u00eatre abord\u00e9e de tous les c\u00f4t\u00e9s. Il est possible de la franchir par un&#8230;<\/p>\n","protected":false},"featured_media":44730,"template":"","meta":[],"product_brand":[],"product_cat":[11878],"product_tag":[],"class_list":{"0":"post-49148","1":"product","2":"type-product","3":"status-publish","4":"has-post-thumbnail","6":"product_cat-grand-module-pandora-box","8":"first","9":"instock","10":"shipping-taxable","11":"purchasable","12":"product-type-simple"},"_links":{"self":[{"href":"https:\/\/verticaltechnik.ch\/fr\/wp-json\/wp\/v2\/product\/49148","targetHints":{"allow":["GET"]}}],"collection":[{"href":"https:\/\/verticaltechnik.ch\/fr\/wp-json\/wp\/v2\/product"}],"about":[{"href":"https:\/\/verticaltechnik.ch\/fr\/wp-json\/wp\/v2\/types\/product"}],"wp:featuredmedia":[{"embeddable":true,"href":"https:\/\/verticaltechnik.ch\/fr\/wp-json\/wp\/v2\/media\/44730"}],"wp:attachment":[{"href":"https:\/\/verticaltechnik.ch\/fr\/wp-json\/wp\/v2\/media?parent=49148"}],"wp:term":[{"taxonomy":"product_brand","embeddable":true,"href":"https:\/\/verticaltechnik.ch\/fr\/wp-json\/wp\/v2\/product_brand?post=49148"},{"taxonomy":"product_cat","embeddable":true,"href":"https:\/\/verticaltechnik.ch\/fr\/wp-json\/wp\/v2\/product_cat?post=49148"},{"taxonomy":"product_tag","embeddable":true,"href":"https:\/\/verticaltechnik.ch\/fr\/wp-json\/wp\/v2\/product_tag?post=49148"}],"curies":[{"name":"wp","href":"https:\/\/api.w.org\/{rel}","templated":true}]}}