{"id":49149,"date":"2025-08-28T09:48:53","date_gmt":"2025-08-28T09:48:53","guid":{"rendered":"https:\/\/newvt.verticaltechnik.ch\/product\/pandora-box-600-big-x-2-ledge-rail-r-x-2\/"},"modified":"2026-02-04T14:21:47","modified_gmt":"2026-02-04T14:21:47","slug":"pandora-box-600-big-x-2-ledge-rail-r-x-2","status":"publish","type":"product","link":"https:\/\/verticaltechnik.ch\/fr\/produit\/pandora-box-600-big-x-2-ledge-rail-r-x-2\/","title":{"rendered":"Pandora Box 600 Big x 2 + Ledge + Rail R x 2"},"content":{"rendered":"<p>La Pandora Box est un module central avec deux plans inclin\u00e9s et une plateforme entre les deux. Selon la variante, elle est \u00e9quip\u00e9e d&rsquo;un mur et de rails. Une Pandora Box peut \u00eatre survol\u00e9e en sautant sur le premier plan inclin\u00e9, en faisant une figure dans les airs et en atterrissant ensuite sur le deuxi\u00e8me plan inclin\u00e9. Elle peut toutefois \u00eatre utilis\u00e9e pour sauter du premier plan inclin\u00e9 sur un mur ou un rail et y effectuer une figure. Ensuite, on atterrit \u00e0 nouveau sur le deuxi\u00e8me plan inclin\u00e9 ou sur le sol, selon la longueur du mur ou du rail. Ce module n\u00e9cessite une distance d&rsquo;environ 7 m\u00e8tres par rapport \u00e0 un \u00e9l\u00e9ment d&rsquo;\u00e9lan, afin que les utilisateurs aient suffisamment de temps pour se pr\u00e9parer \u00e0 une figure.<br \/>\nLedge&nbsp;: Une ledge est un mur qui est utilis\u00e9 pour effectuer des grinds et des slides. Les ledges sont install\u00e9es sur une Pandora Box ou une pyramide.<br \/>\nRail&nbsp;: Un rail sert \u00e0 sauter sur la barre avec un ollie et \u00e0 la faire glisser. Ce faisant, des grinds ou des slides sont effectu\u00e9s en pla\u00e7ant le skateboard perpendiculairement ou longitudinalement au rail. Des milliers de figures et de variantes peuvent y \u00eatre r\u00e9alis\u00e9es. Du simple boardslide \u00e0 la combinaison de plusieurs figures, tout est possible.<br \/>\nCe produit est compatible avec&nbsp;:<br \/>\nK00117 Enclosure for Pandora Box 600 Big.<\/p>\n","protected":false},"excerpt":{"rendered":"<p>La Pandora Box est un module central avec deux plans inclin\u00e9s et une plateforme entre les deux. Selon la variante, elle est \u00e9quip\u00e9e d&rsquo;un mur et de rails. Une Pandora&#8230;<\/p>\n","protected":false},"featured_media":44738,"template":"","meta":[],"product_brand":[],"product_cat":[12047],"product_tag":[],"class_list":{"0":"post-49149","1":"product","2":"type-product","3":"status-publish","4":"has-post-thumbnail","6":"product_cat-pandora-box-big","8":"first","9":"instock","10":"shipping-taxable","11":"purchasable","12":"product-type-simple"},"_links":{"self":[{"href":"https:\/\/verticaltechnik.ch\/fr\/wp-json\/wp\/v2\/product\/49149","targetHints":{"allow":["GET"]}}],"collection":[{"href":"https:\/\/verticaltechnik.ch\/fr\/wp-json\/wp\/v2\/product"}],"about":[{"href":"https:\/\/verticaltechnik.ch\/fr\/wp-json\/wp\/v2\/types\/product"}],"wp:featuredmedia":[{"embeddable":true,"href":"https:\/\/verticaltechnik.ch\/fr\/wp-json\/wp\/v2\/media\/44738"}],"wp:attachment":[{"href":"https:\/\/verticaltechnik.ch\/fr\/wp-json\/wp\/v2\/media?parent=49149"}],"wp:term":[{"taxonomy":"product_brand","embeddable":true,"href":"https:\/\/verticaltechnik.ch\/fr\/wp-json\/wp\/v2\/product_brand?post=49149"},{"taxonomy":"product_cat","embeddable":true,"href":"https:\/\/verticaltechnik.ch\/fr\/wp-json\/wp\/v2\/product_cat?post=49149"},{"taxonomy":"product_tag","embeddable":true,"href":"https:\/\/verticaltechnik.ch\/fr\/wp-json\/wp\/v2\/product_tag?post=49149"}],"curies":[{"name":"wp","href":"https:\/\/api.w.org\/{rel}","templated":true}]}}