{"id":49159,"date":"2025-08-28T09:48:49","date_gmt":"2025-08-28T09:48:49","guid":{"rendered":"https:\/\/newvt.verticaltechnik.ch\/product\/pandora-box-600-big-x-2-ledge-rail-r\/"},"modified":"2025-08-28T09:48:49","modified_gmt":"2025-08-28T09:48:49","slug":"pandora-box-600-big-x-2-ledge-rail-r","status":"publish","type":"product","link":"https:\/\/verticaltechnik.ch\/fr\/produit\/pandora-box-600-big-x-2-ledge-rail-r\/","title":{"rendered":"Pandora Box 600 Big x 2 + Ledge + Rail R"},"content":{"rendered":"<p>La Pandora Box est un module central avec deux plans inclin\u00e9s et une plateforme entre les deux. Selon la variante, elle est \u00e9quip\u00e9e d&rsquo;un mur et de rails. Une Pandora Box peut \u00eatre survol\u00e9e en sautant sur le premier plan inclin\u00e9, en effectuant une figure dans les airs et en atterrissant ensuite sur le deuxi\u00e8me plan inclin\u00e9. Elle peut toutefois \u00e9galement \u00eatre utilis\u00e9e pour sauter du premier plan inclin\u00e9 sur un mur ou un rail et y effectuer une figure. Ensuite, on atterrit \u00e0 nouveau sur le deuxi\u00e8me plan inclin\u00e9 ou sur le sol, selon la longueur du mur ou du rail. Ce module n\u00e9cessite une distance d&rsquo;environ 7 m\u00e8tres par rapport \u00e0 un \u00e9l\u00e9ment d&rsquo;\u00e9lan, afin que les utilisateurs aient suffisamment de temps pour se pr\u00e9parer \u00e0 une figure.<br \/>\nLedge : Une ledge est un mur qui est utilis\u00e9 pour effectuer des grinds et des slides. Les ledges sont install\u00e9es sur une Pandora Box ou une pyramide.<br \/>\nRail : Un rail sert \u00e0 sauter sur la barre avec un ollie et \u00e0 la faire glisser le long. Des grinds ou des slides sont effectu\u00e9s, le skateboard \u00e9tant plac\u00e9 transversalement ou longitudinalement par rapport au rail. Des milliers de figures et de variantes peuvent \u00eatre r\u00e9alis\u00e9es dessus. Du simple boardslide \u00e0 la combinaison de plusieurs figures, tout est possible.<br \/>\nCe produit est compatible avec :<br \/>\nK00117 Enclosure for Pandora Box 600 Big.         <\/p>\n","protected":false},"excerpt":{"rendered":"<p>La Pandora Box est un module central avec deux plans inclin\u00e9s et une plateforme entre les deux. Selon la variante, elle est \u00e9quip\u00e9e d&rsquo;un mur et de rails. Une Pandora&#8230;<\/p>\n","protected":false},"featured_media":44754,"template":"","meta":[],"product_brand":[],"product_cat":[12047],"product_tag":[],"class_list":{"0":"post-49159","1":"product","2":"type-product","3":"status-publish","4":"has-post-thumbnail","6":"product_cat-pandora-box-big","8":"first","9":"instock","10":"shipping-taxable","11":"purchasable","12":"product-type-simple"},"_links":{"self":[{"href":"https:\/\/verticaltechnik.ch\/fr\/wp-json\/wp\/v2\/product\/49159","targetHints":{"allow":["GET"]}}],"collection":[{"href":"https:\/\/verticaltechnik.ch\/fr\/wp-json\/wp\/v2\/product"}],"about":[{"href":"https:\/\/verticaltechnik.ch\/fr\/wp-json\/wp\/v2\/types\/product"}],"wp:featuredmedia":[{"embeddable":true,"href":"https:\/\/verticaltechnik.ch\/fr\/wp-json\/wp\/v2\/media\/44754"}],"wp:attachment":[{"href":"https:\/\/verticaltechnik.ch\/fr\/wp-json\/wp\/v2\/media?parent=49159"}],"wp:term":[{"taxonomy":"product_brand","embeddable":true,"href":"https:\/\/verticaltechnik.ch\/fr\/wp-json\/wp\/v2\/product_brand?post=49159"},{"taxonomy":"product_cat","embeddable":true,"href":"https:\/\/verticaltechnik.ch\/fr\/wp-json\/wp\/v2\/product_cat?post=49159"},{"taxonomy":"product_tag","embeddable":true,"href":"https:\/\/verticaltechnik.ch\/fr\/wp-json\/wp\/v2\/product_tag?post=49159"}],"curies":[{"name":"wp","href":"https:\/\/api.w.org\/{rel}","templated":true}]}}