{"id":49198,"date":"2025-08-28T09:47:34","date_gmt":"2025-08-28T09:47:34","guid":{"rendered":"https:\/\/newvt.verticaltechnik.ch\/product\/ledge-1-3-flat\/"},"modified":"2025-08-28T09:47:34","modified_gmt":"2025-08-28T09:47:34","slug":"ledge-1-3-flat","status":"publish","type":"product","link":"https:\/\/verticaltechnik.ch\/fr\/produit\/ledge-1-3-flat\/","title":{"rendered":"Ledge 1\/3 flat"},"content":{"rendered":"<p>Un ledge est un mur mont\u00e9 qui est utilis\u00e9 pour effectuer des grinds et des slides. Les ledges sont install\u00e9s au sol ou sur des pandora boxes et des pyramides. <\/p>\n","protected":false},"excerpt":{"rendered":"<p>Un ledge est un mur mont\u00e9 qui est utilis\u00e9 pour effectuer des grinds et des slides. Les ledges sont install\u00e9s au sol ou sur des pandora boxes et des pyramides.<\/p>\n","protected":false},"featured_media":44822,"template":"","meta":[],"product_brand":[],"product_cat":[12050],"product_tag":[],"class_list":{"0":"post-49198","1":"product","2":"type-product","3":"status-publish","4":"has-post-thumbnail","6":"product_cat-module-boite-de-pandore","8":"first","9":"instock","10":"shipping-taxable","11":"purchasable","12":"product-type-simple"},"_links":{"self":[{"href":"https:\/\/verticaltechnik.ch\/fr\/wp-json\/wp\/v2\/product\/49198","targetHints":{"allow":["GET"]}}],"collection":[{"href":"https:\/\/verticaltechnik.ch\/fr\/wp-json\/wp\/v2\/product"}],"about":[{"href":"https:\/\/verticaltechnik.ch\/fr\/wp-json\/wp\/v2\/types\/product"}],"wp:featuredmedia":[{"embeddable":true,"href":"https:\/\/verticaltechnik.ch\/fr\/wp-json\/wp\/v2\/media\/44822"}],"wp:attachment":[{"href":"https:\/\/verticaltechnik.ch\/fr\/wp-json\/wp\/v2\/media?parent=49198"}],"wp:term":[{"taxonomy":"product_brand","embeddable":true,"href":"https:\/\/verticaltechnik.ch\/fr\/wp-json\/wp\/v2\/product_brand?post=49198"},{"taxonomy":"product_cat","embeddable":true,"href":"https:\/\/verticaltechnik.ch\/fr\/wp-json\/wp\/v2\/product_cat?post=49198"},{"taxonomy":"product_tag","embeddable":true,"href":"https:\/\/verticaltechnik.ch\/fr\/wp-json\/wp\/v2\/product_tag?post=49198"}],"curies":[{"name":"wp","href":"https:\/\/api.w.org\/{rel}","templated":true}]}}