{"id":49203,"date":"2025-08-28T09:46:43","date_gmt":"2025-08-28T09:46:43","guid":{"rendered":"https:\/\/newvt.verticaltechnik.ch\/product\/pyramide-600-3-sided\/"},"modified":"2025-08-28T09:46:43","modified_gmt":"2025-08-28T09:46:43","slug":"pyramide-600-3-sided","status":"publish","type":"product","link":"https:\/\/verticaltechnik.ch\/fr\/produit\/pyramide-600-3-sided\/","title":{"rendered":"Pyramide 600 3-sided"},"content":{"rendered":"<p>La pyramide est une extension d&rsquo;une Pandora Box. Elle est ferm\u00e9e sur trois c\u00f4t\u00e9s et accessible de tous les c\u00f4t\u00e9s. On peut la franchir en biais et r\u00e9aliser des figures comme des Kick Flips to Fakie, ce qui permet de changer de direction de 90\u00b0. On peut cependant la survoler dans le sens de la longueur, comme une Pandora Box, ou r\u00e9aliser des figures sur les murs et les rails. Ce produit est compatible avec K00114.    <\/p>\n","protected":false},"excerpt":{"rendered":"<p>La pyramide est une extension d&rsquo;une Pandora Box. Elle est ferm\u00e9e sur trois c\u00f4t\u00e9s et accessible de tous les c\u00f4t\u00e9s. On peut la franchir en biais et r\u00e9aliser des figures&#8230;<\/p>\n","protected":false},"featured_media":44826,"template":"","meta":[],"product_brand":[],"product_cat":[12050],"product_tag":[],"class_list":{"0":"post-49203","1":"product","2":"type-product","3":"status-publish","4":"has-post-thumbnail","6":"product_cat-module-boite-de-pandore","8":"first","9":"instock","10":"shipping-taxable","11":"purchasable","12":"product-type-simple"},"_links":{"self":[{"href":"https:\/\/verticaltechnik.ch\/fr\/wp-json\/wp\/v2\/product\/49203","targetHints":{"allow":["GET"]}}],"collection":[{"href":"https:\/\/verticaltechnik.ch\/fr\/wp-json\/wp\/v2\/product"}],"about":[{"href":"https:\/\/verticaltechnik.ch\/fr\/wp-json\/wp\/v2\/types\/product"}],"wp:featuredmedia":[{"embeddable":true,"href":"https:\/\/verticaltechnik.ch\/fr\/wp-json\/wp\/v2\/media\/44826"}],"wp:attachment":[{"href":"https:\/\/verticaltechnik.ch\/fr\/wp-json\/wp\/v2\/media?parent=49203"}],"wp:term":[{"taxonomy":"product_brand","embeddable":true,"href":"https:\/\/verticaltechnik.ch\/fr\/wp-json\/wp\/v2\/product_brand?post=49203"},{"taxonomy":"product_cat","embeddable":true,"href":"https:\/\/verticaltechnik.ch\/fr\/wp-json\/wp\/v2\/product_cat?post=49203"},{"taxonomy":"product_tag","embeddable":true,"href":"https:\/\/verticaltechnik.ch\/fr\/wp-json\/wp\/v2\/product_tag?post=49203"}],"curies":[{"name":"wp","href":"https:\/\/api.w.org\/{rel}","templated":true}]}}