{"id":49206,"date":"2025-08-28T09:46:31","date_gmt":"2025-08-28T09:46:31","guid":{"rendered":"https:\/\/newvt.verticaltechnik.ch\/product\/pandora-box-step-up-2500\/"},"modified":"2026-02-04T14:28:53","modified_gmt":"2026-02-04T14:28:53","slug":"pandora-box-step-up-2500","status":"publish","type":"product","link":"https:\/\/verticaltechnik.ch\/fr\/produit\/pandora-box-step-up-2500\/","title":{"rendered":"Pandora Box Step Up 2500"},"content":{"rendered":"<p>La Pandora Box Step Up 2500 est un module central avec deux courbes et une plateforme entre les deux. La plateforme est inclin\u00e9e vers le haut pour permettre des atterrissages en hauteur. \u00c0 la fin, un rayon est int\u00e9gr\u00e9 qui amortit les atterrissages courts. La g\u00e9om\u00e9trie est con\u00e7ue pour les riders de scooter et de BMX. La Pandora Box Step Up 2500 peut \u00eatre survol\u00e9e en sautant de la premi\u00e8re courbe, en faisant une figure dans les airs et en atterrissant ensuite dans la courbe oppos\u00e9e. Ce module n\u00e9cessite une distance d&rsquo;au moins 7 m\u00e8tres par rapport \u00e0 un \u00e9l\u00e9ment de d\u00e9part, afin que les utilisateurs aient suffisamment de temps pour se pr\u00e9parer \u00e0 une figure. Ce produit est compatible avec K00568.       <\/p>\n","protected":false},"excerpt":{"rendered":"<p>La Pandora Box Step Up 2500 est un module central avec deux courbes et une plateforme entre les deux. La plateforme est inclin\u00e9e vers le haut pour permettre des atterrissages&#8230;<\/p>\n","protected":false},"featured_media":44874,"template":"","meta":[],"product_brand":[],"product_cat":[12054],"product_tag":[],"class_list":{"0":"post-49206","1":"product","2":"type-product","3":"status-publish","4":"has-post-thumbnail","6":"product_cat-pandora-box-bmx","8":"first","9":"instock","10":"shipping-taxable","11":"purchasable","12":"product-type-simple"},"_links":{"self":[{"href":"https:\/\/verticaltechnik.ch\/fr\/wp-json\/wp\/v2\/product\/49206","targetHints":{"allow":["GET"]}}],"collection":[{"href":"https:\/\/verticaltechnik.ch\/fr\/wp-json\/wp\/v2\/product"}],"about":[{"href":"https:\/\/verticaltechnik.ch\/fr\/wp-json\/wp\/v2\/types\/product"}],"wp:featuredmedia":[{"embeddable":true,"href":"https:\/\/verticaltechnik.ch\/fr\/wp-json\/wp\/v2\/media\/44874"}],"wp:attachment":[{"href":"https:\/\/verticaltechnik.ch\/fr\/wp-json\/wp\/v2\/media?parent=49206"}],"wp:term":[{"taxonomy":"product_brand","embeddable":true,"href":"https:\/\/verticaltechnik.ch\/fr\/wp-json\/wp\/v2\/product_brand?post=49206"},{"taxonomy":"product_cat","embeddable":true,"href":"https:\/\/verticaltechnik.ch\/fr\/wp-json\/wp\/v2\/product_cat?post=49206"},{"taxonomy":"product_tag","embeddable":true,"href":"https:\/\/verticaltechnik.ch\/fr\/wp-json\/wp\/v2\/product_tag?post=49206"}],"curies":[{"name":"wp","href":"https:\/\/api.w.org\/{rel}","templated":true}]}}