{"id":49214,"date":"2025-08-28T09:45:36","date_gmt":"2025-08-28T09:45:36","guid":{"rendered":"https:\/\/newvt.verticaltechnik.ch\/product\/wall-ride-2500-4-5m\/"},"modified":"2025-08-28T09:45:36","modified_gmt":"2025-08-28T09:45:36","slug":"wall-ride-2500-4-5m","status":"publish","type":"product","link":"https:\/\/verticaltechnik.ch\/fr\/produit\/wall-ride-2500-4-5m\/","title":{"rendered":"Wall Ride 2500 4.5m"},"content":{"rendered":"<p>Un wall ride sert \u00e0 prendre de l&rsquo;\u00e9lan pour monter dessus et atteindre la verticale le plus haut possible. Il est \u00e9galement utilis\u00e9 pour avancer dessus, puis redescendre en marche arri\u00e8re sans rotation, afin de pouvoir r\u00e9aliser des figures fakie ou switch sur un autre \u00e9l\u00e9ment. Cet \u00e9l\u00e9ment fait partie d&rsquo;un skatepark bien am\u00e9nag\u00e9 en tant que module compl\u00e9mentaire. Ce produit est compatible avec K00205.   <\/p>\n","protected":false},"excerpt":{"rendered":"<p>Un wall ride sert \u00e0 prendre de l&rsquo;\u00e9lan pour monter dessus et atteindre la verticale le plus haut possible. Il est \u00e9galement utilis\u00e9 pour avancer dessus, puis redescendre en marche&#8230;<\/p>\n","protected":false},"featured_media":44890,"template":"","meta":[],"product_brand":[],"product_cat":[12057],"product_tag":[],"class_list":{"0":"post-49214","1":"product","2":"type-product","3":"status-publish","4":"has-post-thumbnail","6":"product_cat-wall-rides","8":"first","9":"instock","10":"shipping-taxable","11":"purchasable","12":"product-type-simple"},"_links":{"self":[{"href":"https:\/\/verticaltechnik.ch\/fr\/wp-json\/wp\/v2\/product\/49214","targetHints":{"allow":["GET"]}}],"collection":[{"href":"https:\/\/verticaltechnik.ch\/fr\/wp-json\/wp\/v2\/product"}],"about":[{"href":"https:\/\/verticaltechnik.ch\/fr\/wp-json\/wp\/v2\/types\/product"}],"wp:featuredmedia":[{"embeddable":true,"href":"https:\/\/verticaltechnik.ch\/fr\/wp-json\/wp\/v2\/media\/44890"}],"wp:attachment":[{"href":"https:\/\/verticaltechnik.ch\/fr\/wp-json\/wp\/v2\/media?parent=49214"}],"wp:term":[{"taxonomy":"product_brand","embeddable":true,"href":"https:\/\/verticaltechnik.ch\/fr\/wp-json\/wp\/v2\/product_brand?post=49214"},{"taxonomy":"product_cat","embeddable":true,"href":"https:\/\/verticaltechnik.ch\/fr\/wp-json\/wp\/v2\/product_cat?post=49214"},{"taxonomy":"product_tag","embeddable":true,"href":"https:\/\/verticaltechnik.ch\/fr\/wp-json\/wp\/v2\/product_tag?post=49214"}],"curies":[{"name":"wp","href":"https:\/\/api.w.org\/{rel}","templated":true}]}}