{"id":49254,"date":"2025-08-28T09:45:30","date_gmt":"2025-08-28T09:45:30","guid":{"rendered":"https:\/\/newvt.verticaltechnik.ch\/product\/quarterpipe-1700-3m\/"},"modified":"2025-08-28T09:45:30","modified_gmt":"2025-08-28T09:45:30","slug":"quarterpipe-1700-3m","status":"publish","type":"product","link":"https:\/\/verticaltechnik.ch\/fr\/produit\/quarterpipe-1700-3m\/","title":{"rendered":"Quarterpipe 1700 3m"},"content":{"rendered":"<p>Ce module sert entre autres de rampe de lancement. De la plateforme, on se dirige vers un module central pour y r\u00e9aliser des figures. En m\u00eame temps, il sert aussi de module pour r\u00e9aliser des figures dans l&rsquo;arrondi et sur le coping ou pour changer de direction. La transition arrondie vers le sol permet d&rsquo;exploiter toute la vitesse. Ce produit est compatible avec K00181.    <\/p>\n","protected":false},"excerpt":{"rendered":"<p>Ce module sert entre autres de rampe de lancement. De la plateforme, on se dirige vers un module central pour y r\u00e9aliser des figures. En m\u00eame temps, il sert aussi&#8230;<\/p>\n","protected":false},"featured_media":44914,"template":"","meta":[],"product_brand":[],"product_cat":[12077],"product_tag":[],"class_list":{"0":"post-49254","1":"product","2":"type-product","3":"status-publish","4":"has-post-thumbnail","6":"product_cat-quarterpipe-1700","8":"first","9":"instock","10":"shipping-taxable","11":"purchasable","12":"product-type-simple"},"_links":{"self":[{"href":"https:\/\/verticaltechnik.ch\/fr\/wp-json\/wp\/v2\/product\/49254","targetHints":{"allow":["GET"]}}],"collection":[{"href":"https:\/\/verticaltechnik.ch\/fr\/wp-json\/wp\/v2\/product"}],"about":[{"href":"https:\/\/verticaltechnik.ch\/fr\/wp-json\/wp\/v2\/types\/product"}],"wp:featuredmedia":[{"embeddable":true,"href":"https:\/\/verticaltechnik.ch\/fr\/wp-json\/wp\/v2\/media\/44914"}],"wp:attachment":[{"href":"https:\/\/verticaltechnik.ch\/fr\/wp-json\/wp\/v2\/media?parent=49254"}],"wp:term":[{"taxonomy":"product_brand","embeddable":true,"href":"https:\/\/verticaltechnik.ch\/fr\/wp-json\/wp\/v2\/product_brand?post=49254"},{"taxonomy":"product_cat","embeddable":true,"href":"https:\/\/verticaltechnik.ch\/fr\/wp-json\/wp\/v2\/product_cat?post=49254"},{"taxonomy":"product_tag","embeddable":true,"href":"https:\/\/verticaltechnik.ch\/fr\/wp-json\/wp\/v2\/product_tag?post=49254"}],"curies":[{"name":"wp","href":"https:\/\/api.w.org\/{rel}","templated":true}]}}