{"id":49264,"date":"2025-08-28T09:45:20","date_gmt":"2025-08-28T09:45:20","guid":{"rendered":"https:\/\/newvt.verticaltechnik.ch\/product\/quarterpipe-1200-3m\/"},"modified":"2025-08-28T09:45:20","modified_gmt":"2025-08-28T09:45:20","slug":"quarterpipe-1200-3m","status":"publish","type":"product","link":"https:\/\/verticaltechnik.ch\/fr\/produit\/quarterpipe-1200-3m\/","title":{"rendered":"Quarterpipe 1200 3m"},"content":{"rendered":"<p>Ce module sert entre autres de rampe de lancement. De la plateforme, on se dirige vers un module central pour y r\u00e9aliser des figures. En m\u00eame temps, il sert aussi de module pour r\u00e9aliser des figures dans l\u2019arrondi et sur le coping ou pour changer de direction. La transition arrondie vers le sol permet d\u2019exploiter toute la vitesse. Ce produit est compatible avec K00173.    <\/p>\n","protected":false},"excerpt":{"rendered":"<p>Ce module sert entre autres de rampe de lancement. De la plateforme, on se dirige vers un module central pour y r\u00e9aliser des figures. En m\u00eame temps, il sert aussi&#8230;<\/p>\n","protected":false},"featured_media":44930,"template":"","meta":[],"product_brand":[],"product_cat":[12083],"product_tag":[],"class_list":{"0":"post-49264","1":"product","2":"type-product","3":"status-publish","4":"has-post-thumbnail","6":"product_cat-quarterpipe-1200","8":"first","9":"instock","10":"shipping-taxable","11":"purchasable","12":"product-type-simple"},"_links":{"self":[{"href":"https:\/\/verticaltechnik.ch\/fr\/wp-json\/wp\/v2\/product\/49264","targetHints":{"allow":["GET"]}}],"collection":[{"href":"https:\/\/verticaltechnik.ch\/fr\/wp-json\/wp\/v2\/product"}],"about":[{"href":"https:\/\/verticaltechnik.ch\/fr\/wp-json\/wp\/v2\/types\/product"}],"wp:featuredmedia":[{"embeddable":true,"href":"https:\/\/verticaltechnik.ch\/fr\/wp-json\/wp\/v2\/media\/44930"}],"wp:attachment":[{"href":"https:\/\/verticaltechnik.ch\/fr\/wp-json\/wp\/v2\/media?parent=49264"}],"wp:term":[{"taxonomy":"product_brand","embeddable":true,"href":"https:\/\/verticaltechnik.ch\/fr\/wp-json\/wp\/v2\/product_brand?post=49264"},{"taxonomy":"product_cat","embeddable":true,"href":"https:\/\/verticaltechnik.ch\/fr\/wp-json\/wp\/v2\/product_cat?post=49264"},{"taxonomy":"product_tag","embeddable":true,"href":"https:\/\/verticaltechnik.ch\/fr\/wp-json\/wp\/v2\/product_tag?post=49264"}],"curies":[{"name":"wp","href":"https:\/\/api.w.org\/{rel}","templated":true}]}}