{"id":49280,"date":"2025-08-28T09:44:27","date_gmt":"2025-08-28T09:44:27","guid":{"rendered":"https:\/\/newvt.verticaltechnik.ch\/product\/bank-1500-30-6m-combo-quarterpipe-1200-1-5m\/"},"modified":"2025-08-28T09:44:27","modified_gmt":"2025-08-28T09:44:27","slug":"bank-1500-30-6m-combo-quarterpipe-1200-1-5m","status":"publish","type":"product","link":"https:\/\/verticaltechnik.ch\/fr\/produit\/bank-1500-30-6m-combo-quarterpipe-1200-1-5m\/","title":{"rendered":"Bank 1500 30\u00b0 6m Combo Quarterpipe 1200 1.5m"},"content":{"rendered":"<p>Ce module sert entre autres de rampe d&rsquo;\u00e9lan. De la plateforme, on se dirige vers un module central pour y effectuer des figures. En m\u00eame temps, il sert aussi de module pour effectuer des figures sur le plan inclin\u00e9 ou pour changer de direction. La quarterpipe int\u00e9gr\u00e9e au milieu permet de nombreuses variations de figures. La transition arrondie vers le sol permet d&rsquo;exploiter toute la vitesse. Ce produit est compatible avec K00111.     <\/p>\n","protected":false},"excerpt":{"rendered":"<p>Ce module sert entre autres de rampe d&rsquo;\u00e9lan. De la plateforme, on se dirige vers un module central pour y effectuer des figures. En m\u00eame temps, il sert aussi de&#8230;<\/p>\n","protected":false},"featured_media":44954,"template":"","meta":[],"product_brand":[],"product_cat":[12091],"product_tag":[],"class_list":{"0":"post-49280","1":"product","2":"type-product","3":"status-publish","4":"has-post-thumbnail","6":"product_cat-combo-banc","8":"first","9":"instock","10":"shipping-taxable","11":"purchasable","12":"product-type-simple"},"_links":{"self":[{"href":"https:\/\/verticaltechnik.ch\/fr\/wp-json\/wp\/v2\/product\/49280","targetHints":{"allow":["GET"]}}],"collection":[{"href":"https:\/\/verticaltechnik.ch\/fr\/wp-json\/wp\/v2\/product"}],"about":[{"href":"https:\/\/verticaltechnik.ch\/fr\/wp-json\/wp\/v2\/types\/product"}],"wp:featuredmedia":[{"embeddable":true,"href":"https:\/\/verticaltechnik.ch\/fr\/wp-json\/wp\/v2\/media\/44954"}],"wp:attachment":[{"href":"https:\/\/verticaltechnik.ch\/fr\/wp-json\/wp\/v2\/media?parent=49280"}],"wp:term":[{"taxonomy":"product_brand","embeddable":true,"href":"https:\/\/verticaltechnik.ch\/fr\/wp-json\/wp\/v2\/product_brand?post=49280"},{"taxonomy":"product_cat","embeddable":true,"href":"https:\/\/verticaltechnik.ch\/fr\/wp-json\/wp\/v2\/product_cat?post=49280"},{"taxonomy":"product_tag","embeddable":true,"href":"https:\/\/verticaltechnik.ch\/fr\/wp-json\/wp\/v2\/product_tag?post=49280"}],"curies":[{"name":"wp","href":"https:\/\/api.w.org\/{rel}","templated":true}]}}