{"id":49292,"date":"2025-08-28T09:44:14","date_gmt":"2025-08-28T09:44:14","guid":{"rendered":"https:\/\/newvt.verticaltechnik.ch\/product\/bank-1500-30-4-5m\/"},"modified":"2025-08-28T09:44:14","modified_gmt":"2025-08-28T09:44:14","slug":"bank-1500-30-4-5m","status":"publish","type":"product","link":"https:\/\/verticaltechnik.ch\/fr\/produit\/bank-1500-30-4-5m\/","title":{"rendered":"Bank 1500 30\u00b0 4.5m"},"content":{"rendered":"<p>Ce module sert entre autres de rampe d&rsquo;\u00e9lan. De la plateforme, on se dirige vers un module central pour y r\u00e9aliser des figures. Il sert \u00e9galement de module pour r\u00e9aliser des figures sur le plan inclin\u00e9. Ce produit est compatible avec K00097.   <\/p>\n","protected":false},"excerpt":{"rendered":"<p>Ce module sert entre autres de rampe d&rsquo;\u00e9lan. De la plateforme, on se dirige vers un module central pour y r\u00e9aliser des figures. Il sert \u00e9galement de module pour r\u00e9aliser&#8230;<\/p>\n","protected":false},"featured_media":44982,"template":"","meta":[],"product_brand":[],"product_cat":[12100],"product_tag":[],"class_list":{"0":"post-49292","1":"product","2":"type-product","3":"status-publish","4":"has-post-thumbnail","6":"product_cat-banc-1500-30","8":"first","9":"instock","10":"shipping-taxable","11":"purchasable","12":"product-type-simple"},"_links":{"self":[{"href":"https:\/\/verticaltechnik.ch\/fr\/wp-json\/wp\/v2\/product\/49292","targetHints":{"allow":["GET"]}}],"collection":[{"href":"https:\/\/verticaltechnik.ch\/fr\/wp-json\/wp\/v2\/product"}],"about":[{"href":"https:\/\/verticaltechnik.ch\/fr\/wp-json\/wp\/v2\/types\/product"}],"wp:featuredmedia":[{"embeddable":true,"href":"https:\/\/verticaltechnik.ch\/fr\/wp-json\/wp\/v2\/media\/44982"}],"wp:attachment":[{"href":"https:\/\/verticaltechnik.ch\/fr\/wp-json\/wp\/v2\/media?parent=49292"}],"wp:term":[{"taxonomy":"product_brand","embeddable":true,"href":"https:\/\/verticaltechnik.ch\/fr\/wp-json\/wp\/v2\/product_brand?post=49292"},{"taxonomy":"product_cat","embeddable":true,"href":"https:\/\/verticaltechnik.ch\/fr\/wp-json\/wp\/v2\/product_cat?post=49292"},{"taxonomy":"product_tag","embeddable":true,"href":"https:\/\/verticaltechnik.ch\/fr\/wp-json\/wp\/v2\/product_tag?post=49292"}],"curies":[{"name":"wp","href":"https:\/\/api.w.org\/{rel}","templated":true}]}}