{"id":49301,"date":"2025-08-28T09:43:25","date_gmt":"2025-08-28T09:43:25","guid":{"rendered":"https:\/\/newvt.verticaltechnik.ch\/product\/bank-1200-30-4-5m\/"},"modified":"2025-08-28T09:43:25","modified_gmt":"2025-08-28T09:43:25","slug":"bank-1200-30-4-5m","status":"publish","type":"product","link":"https:\/\/verticaltechnik.ch\/fr\/produit\/bank-1200-30-4-5m\/","title":{"rendered":"Bank 1200 30\u00b0 4.5m"},"content":{"rendered":"<p>Ce module sert entre autres de rampe d&rsquo;\u00e9lan. De la plateforme, on se dirige vers un module central pour y r\u00e9aliser des figures. Il sert \u00e9galement de module pour r\u00e9aliser des figures sur le plan inclin\u00e9. Ce produit est compatible avec K00093.   <\/p>\n","protected":false},"excerpt":{"rendered":"<p>Ce module sert entre autres de rampe d&rsquo;\u00e9lan. De la plateforme, on se dirige vers un module central pour y r\u00e9aliser des figures. Il sert \u00e9galement de module pour r\u00e9aliser&#8230;<\/p>\n","protected":false},"featured_media":44990,"template":"","meta":[],"product_brand":[],"product_cat":[12103],"product_tag":[],"class_list":{"0":"post-49301","1":"product","2":"type-product","3":"status-publish","4":"has-post-thumbnail","6":"product_cat-banc-1200-30","8":"first","9":"instock","10":"shipping-taxable","11":"purchasable","12":"product-type-simple"},"_links":{"self":[{"href":"https:\/\/verticaltechnik.ch\/fr\/wp-json\/wp\/v2\/product\/49301","targetHints":{"allow":["GET"]}}],"collection":[{"href":"https:\/\/verticaltechnik.ch\/fr\/wp-json\/wp\/v2\/product"}],"about":[{"href":"https:\/\/verticaltechnik.ch\/fr\/wp-json\/wp\/v2\/types\/product"}],"wp:featuredmedia":[{"embeddable":true,"href":"https:\/\/verticaltechnik.ch\/fr\/wp-json\/wp\/v2\/media\/44990"}],"wp:attachment":[{"href":"https:\/\/verticaltechnik.ch\/fr\/wp-json\/wp\/v2\/media?parent=49301"}],"wp:term":[{"taxonomy":"product_brand","embeddable":true,"href":"https:\/\/verticaltechnik.ch\/fr\/wp-json\/wp\/v2\/product_brand?post=49301"},{"taxonomy":"product_cat","embeddable":true,"href":"https:\/\/verticaltechnik.ch\/fr\/wp-json\/wp\/v2\/product_cat?post=49301"},{"taxonomy":"product_tag","embeddable":true,"href":"https:\/\/verticaltechnik.ch\/fr\/wp-json\/wp\/v2\/product_tag?post=49301"}],"curies":[{"name":"wp","href":"https:\/\/api.w.org\/{rel}","templated":true}]}}