{"id":49302,"date":"2025-08-28T09:43:23","date_gmt":"2025-08-28T09:43:23","guid":{"rendered":"https:\/\/newvt.verticaltechnik.ch\/product\/bank-950-25-2-x-3-96m-hip-30\/"},"modified":"2026-02-04T14:00:28","modified_gmt":"2026-02-04T14:00:28","slug":"bank-950-25-2-x-3-96m-hip-30","status":"publish","type":"product","link":"https:\/\/verticaltechnik.ch\/fr\/produit\/bank-950-25-2-x-3-96m-hip-30\/","title":{"rendered":"Bank 950 25\u00b0 2 x 3.96m Hip 30\u00b0"},"content":{"rendered":"<p>Ce module sert, entre autres, de rampe d&rsquo;acc\u00e8s. Depuis la plateforme, on se dirige vers un module central pour y r\u00e9aliser des figures. Il sert \u00e9galement de module pour r\u00e9aliser des figures sur le plan inclin\u00e9 ou pour modifier la direction de 30 \u00b0. La disposition en hip permet de nombreuses variations de figures. Ce produit est compatible avec K00089.<\/p>\n","protected":false},"excerpt":{"rendered":"<p>Ce module sert, entre autres, de rampe d&rsquo;acc\u00e8s. Depuis la plateforme, on se dirige vers un module central pour y r\u00e9aliser des figures. Il sert \u00e9galement de module pour r\u00e9aliser&#8230;<\/p>\n","protected":false},"featured_media":44998,"template":"","meta":[],"product_brand":[],"product_cat":[12385],"product_tag":[],"class_list":{"0":"post-49302","1":"product","2":"type-product","3":"status-publish","4":"has-post-thumbnail","6":"product_cat-bank-950-25","8":"first","9":"instock","10":"shipping-taxable","11":"purchasable","12":"product-type-simple"},"_links":{"self":[{"href":"https:\/\/verticaltechnik.ch\/fr\/wp-json\/wp\/v2\/product\/49302","targetHints":{"allow":["GET"]}}],"collection":[{"href":"https:\/\/verticaltechnik.ch\/fr\/wp-json\/wp\/v2\/product"}],"about":[{"href":"https:\/\/verticaltechnik.ch\/fr\/wp-json\/wp\/v2\/types\/product"}],"wp:featuredmedia":[{"embeddable":true,"href":"https:\/\/verticaltechnik.ch\/fr\/wp-json\/wp\/v2\/media\/44998"}],"wp:attachment":[{"href":"https:\/\/verticaltechnik.ch\/fr\/wp-json\/wp\/v2\/media?parent=49302"}],"wp:term":[{"taxonomy":"product_brand","embeddable":true,"href":"https:\/\/verticaltechnik.ch\/fr\/wp-json\/wp\/v2\/product_brand?post=49302"},{"taxonomy":"product_cat","embeddable":true,"href":"https:\/\/verticaltechnik.ch\/fr\/wp-json\/wp\/v2\/product_cat?post=49302"},{"taxonomy":"product_tag","embeddable":true,"href":"https:\/\/verticaltechnik.ch\/fr\/wp-json\/wp\/v2\/product_tag?post=49302"}],"curies":[{"name":"wp","href":"https:\/\/api.w.org\/{rel}","templated":true}]}}