{"id":49314,"date":"2025-08-28T09:43:20","date_gmt":"2025-08-28T09:43:20","guid":{"rendered":"https:\/\/newvt.verticaltechnik.ch\/product\/bank-950-25-2-4m\/"},"modified":"2026-02-04T13:57:19","modified_gmt":"2026-02-04T13:57:19","slug":"bank-950-25-2-4m","status":"publish","type":"product","link":"https:\/\/verticaltechnik.ch\/fr\/produit\/bank-950-25-2-4m\/","title":{"rendered":"Bank 950 25\u00b0 2.4m"},"content":{"rendered":"<p>Ce module sert, entre autres, de rampe d&rsquo;acc\u00e8s. Depuis la plateforme, on se dirige vers un module central pour y r\u00e9aliser des figures. Il sert \u00e9galement de module pour r\u00e9aliser des figures sur le plan inclin\u00e9. Ce produit est compatible avec&nbsp;:<br \/>\nK00081 Enclosure for Bank 950 25\u00b0 2.4m.<\/p>\n","protected":false},"excerpt":{"rendered":"<p>Ce module sert, entre autres, de rampe d&rsquo;acc\u00e8s. Depuis la plateforme, on se dirige vers un module central pour y r\u00e9aliser des figures. Il sert \u00e9galement de module pour r\u00e9aliser&#8230;<\/p>\n","protected":false},"featured_media":45010,"template":"","meta":[],"product_brand":[],"product_cat":[12385],"product_tag":[],"class_list":{"0":"post-49314","1":"product","2":"type-product","3":"status-publish","4":"has-post-thumbnail","6":"product_cat-bank-950-25","8":"first","9":"instock","10":"shipping-taxable","11":"purchasable","12":"product-type-simple"},"_links":{"self":[{"href":"https:\/\/verticaltechnik.ch\/fr\/wp-json\/wp\/v2\/product\/49314","targetHints":{"allow":["GET"]}}],"collection":[{"href":"https:\/\/verticaltechnik.ch\/fr\/wp-json\/wp\/v2\/product"}],"about":[{"href":"https:\/\/verticaltechnik.ch\/fr\/wp-json\/wp\/v2\/types\/product"}],"wp:featuredmedia":[{"embeddable":true,"href":"https:\/\/verticaltechnik.ch\/fr\/wp-json\/wp\/v2\/media\/45010"}],"wp:attachment":[{"href":"https:\/\/verticaltechnik.ch\/fr\/wp-json\/wp\/v2\/media?parent=49314"}],"wp:term":[{"taxonomy":"product_brand","embeddable":true,"href":"https:\/\/verticaltechnik.ch\/fr\/wp-json\/wp\/v2\/product_brand?post=49314"},{"taxonomy":"product_cat","embeddable":true,"href":"https:\/\/verticaltechnik.ch\/fr\/wp-json\/wp\/v2\/product_cat?post=49314"},{"taxonomy":"product_tag","embeddable":true,"href":"https:\/\/verticaltechnik.ch\/fr\/wp-json\/wp\/v2\/product_tag?post=49314"}],"curies":[{"name":"wp","href":"https:\/\/api.w.org\/{rel}","templated":true}]}}