{"id":49427,"date":"2025-08-28T10:08:42","date_gmt":"2025-08-28T10:08:42","guid":{"rendered":"https:\/\/newvt.verticaltechnik.ch\/product\/boitier-pour-bank-curb-950-20-2-4m\/"},"modified":"2025-08-28T10:08:42","modified_gmt":"2025-08-28T10:08:42","slug":"boitier-pour-bank-curb-950-20-2-4m","status":"publish","type":"product","link":"https:\/\/verticaltechnik.ch\/fr\/produit\/boitier-pour-bank-curb-950-20-2-4m\/","title":{"rendered":"Bo\u00eetier pour Bank Curb 950 20\u00b0 2.4m"},"content":{"rendered":"<p>Les coffrages emp\u00eachent le d\u00e9p\u00f4t de d\u00e9chets sous les installations de skate. Le coffrage est \u00e9quip\u00e9 d&rsquo;une trappe de service. Une porte de service verrouillable peut \u00e9galement \u00eatre install\u00e9e en option. Des fentes d&rsquo;a\u00e9ration servent \u00e0 la circulation de l&rsquo;air. Ce produit est compatible avec K00074 Bank Curb 950 20\u00b0 2.4m    <\/p>\n","protected":false},"excerpt":{"rendered":"<p>Les coffrages emp\u00eachent le d\u00e9p\u00f4t de d\u00e9chets sous les installations de skate. Le coffrage est \u00e9quip\u00e9 d&rsquo;une trappe de service. Une porte de service verrouillable peut \u00e9galement \u00eatre install\u00e9e en&#8230;<\/p>\n","protected":false},"featured_media":43782,"template":"","meta":[],"product_brand":[],"product_cat":[11935],"product_tag":[],"class_list":{"0":"post-49427","1":"product","2":"type-product","3":"status-publish","4":"has-post-thumbnail","6":"product_cat-module","8":"first","9":"instock","10":"shipping-taxable","11":"purchasable","12":"product-type-simple"},"_links":{"self":[{"href":"https:\/\/verticaltechnik.ch\/fr\/wp-json\/wp\/v2\/product\/49427","targetHints":{"allow":["GET"]}}],"collection":[{"href":"https:\/\/verticaltechnik.ch\/fr\/wp-json\/wp\/v2\/product"}],"about":[{"href":"https:\/\/verticaltechnik.ch\/fr\/wp-json\/wp\/v2\/types\/product"}],"wp:featuredmedia":[{"embeddable":true,"href":"https:\/\/verticaltechnik.ch\/fr\/wp-json\/wp\/v2\/media\/43782"}],"wp:attachment":[{"href":"https:\/\/verticaltechnik.ch\/fr\/wp-json\/wp\/v2\/media?parent=49427"}],"wp:term":[{"taxonomy":"product_brand","embeddable":true,"href":"https:\/\/verticaltechnik.ch\/fr\/wp-json\/wp\/v2\/product_brand?post=49427"},{"taxonomy":"product_cat","embeddable":true,"href":"https:\/\/verticaltechnik.ch\/fr\/wp-json\/wp\/v2\/product_cat?post=49427"},{"taxonomy":"product_tag","embeddable":true,"href":"https:\/\/verticaltechnik.ch\/fr\/wp-json\/wp\/v2\/product_tag?post=49427"}],"curies":[{"name":"wp","href":"https:\/\/api.w.org\/{rel}","templated":true}]}}