{"id":49431,"date":"2025-08-28T10:08:39","date_gmt":"2025-08-28T10:08:39","guid":{"rendered":"https:\/\/newvt.verticaltechnik.ch\/product\/right-extension-500-1-5m\/"},"modified":"2025-08-28T10:08:39","modified_gmt":"2025-08-28T10:08:39","slug":"right-extension-500-1-5m","status":"publish","type":"product","link":"https:\/\/verticaltechnik.ch\/fr\/produit\/right-extension-500-1-5m\/","title":{"rendered":"Right Extension 500 1.5m"},"content":{"rendered":"<p>Une extension est une \u00e9l\u00e9vation de la plateforme d&rsquo;une microrampe, d&rsquo;une mini-rampe ou d&rsquo;un half-pipe. Elle sert \u00e0 prendre plus d&rsquo;\u00e9lan et \u00e0 cr\u00e9er un niveau de difficult\u00e9 plus \u00e9lev\u00e9 pour certains tricks. L&rsquo;installation d&rsquo;une extension n\u00e9cessite une augmentation de la rambarde. Ce produit est compatible avec K00457.   <\/p>\n","protected":false},"excerpt":{"rendered":"<p>Une extension est une \u00e9l\u00e9vation de la plateforme d&rsquo;une microrampe, d&rsquo;une mini-rampe ou d&rsquo;un half-pipe. Elle sert \u00e0 prendre plus d&rsquo;\u00e9lan et \u00e0 cr\u00e9er un niveau de difficult\u00e9 plus \u00e9lev\u00e9&#8230;<\/p>\n","protected":false},"featured_media":43794,"template":"","meta":[],"product_brand":[],"product_cat":[12127],"product_tag":[],"class_list":{"0":"post-49431","1":"product","2":"type-product","3":"status-publish","4":"has-post-thumbnail","6":"product_cat-extension","8":"first","9":"instock","10":"shipping-taxable","11":"purchasable","12":"product-type-simple"},"_links":{"self":[{"href":"https:\/\/verticaltechnik.ch\/fr\/wp-json\/wp\/v2\/product\/49431","targetHints":{"allow":["GET"]}}],"collection":[{"href":"https:\/\/verticaltechnik.ch\/fr\/wp-json\/wp\/v2\/product"}],"about":[{"href":"https:\/\/verticaltechnik.ch\/fr\/wp-json\/wp\/v2\/types\/product"}],"wp:featuredmedia":[{"embeddable":true,"href":"https:\/\/verticaltechnik.ch\/fr\/wp-json\/wp\/v2\/media\/43794"}],"wp:attachment":[{"href":"https:\/\/verticaltechnik.ch\/fr\/wp-json\/wp\/v2\/media?parent=49431"}],"wp:term":[{"taxonomy":"product_brand","embeddable":true,"href":"https:\/\/verticaltechnik.ch\/fr\/wp-json\/wp\/v2\/product_brand?post=49431"},{"taxonomy":"product_cat","embeddable":true,"href":"https:\/\/verticaltechnik.ch\/fr\/wp-json\/wp\/v2\/product_cat?post=49431"},{"taxonomy":"product_tag","embeddable":true,"href":"https:\/\/verticaltechnik.ch\/fr\/wp-json\/wp\/v2\/product_tag?post=49431"}],"curies":[{"name":"wp","href":"https:\/\/api.w.org\/{rel}","templated":true}]}}