{"id":49458,"date":"2025-08-28T09:53:11","date_gmt":"2025-08-28T09:53:11","guid":{"rendered":"https:\/\/newvt.verticaltechnik.ch\/product\/coffre-de-toit-400-24-m-ledge-rail-r\/"},"modified":"2025-08-28T09:53:11","modified_gmt":"2025-08-28T09:53:11","slug":"coffre-de-toit-400-24-m-ledge-rail-r","status":"publish","type":"product","link":"https:\/\/verticaltechnik.ch\/fr\/produit\/coffre-de-toit-400-24-m-ledge-rail-r\/","title":{"rendered":"Coffre de toit 400 2,4 m + Ledge + Rail R"},"content":{"rendered":"<p>La Roof Box est un module central avec deux plans inclin\u00e9s. Selon la variante, elle est \u00e9quip\u00e9e d&rsquo;un mur et d&rsquo;un rail. Une Roof Box peut \u00eatre survol\u00e9e en sautant sur le premier plan inclin\u00e9, en faisant une figure dans les airs et en atterrissant ensuite sur le deuxi\u00e8me plan inclin\u00e9. Elle peut toutefois aussi \u00eatre utilis\u00e9e pour sauter du premier plan inclin\u00e9 sur un mur ou un rail et y effectuer une figure. Ensuite, on atterrit au sol, en fonction de la longueur du mur ou du rail. Ce module n\u00e9cessite une distance d&rsquo;environ 7 m\u00e8tres par rapport \u00e0 un \u00e9l\u00e9ment de d\u00e9part, afin que les utilisateurs aient suffisamment de temps pour se pr\u00e9parer \u00e0 une figure.      <\/p>\n<p>Ce produit est compatible avec :<\/p>\n<p>K00123 Enclosure for Roof Box 400.<\/p>\n","protected":false},"excerpt":{"rendered":"<p>La Roof Box est un module central avec deux plans inclin\u00e9s. Selon la variante, elle est \u00e9quip\u00e9e d&rsquo;un mur et d&rsquo;un rail. Une Roof Box peut \u00eatre survol\u00e9e en sautant&#8230;<\/p>\n","protected":false},"featured_media":44538,"template":"","meta":[],"product_brand":[],"product_cat":[12134],"product_tag":[],"class_list":{"0":"post-49458","1":"product","2":"type-product","3":"status-publish","4":"has-post-thumbnail","6":"product_cat-coffre-de-toit-400","8":"first","9":"instock","10":"shipping-taxable","11":"purchasable","12":"product-type-simple"},"_links":{"self":[{"href":"https:\/\/verticaltechnik.ch\/fr\/wp-json\/wp\/v2\/product\/49458","targetHints":{"allow":["GET"]}}],"collection":[{"href":"https:\/\/verticaltechnik.ch\/fr\/wp-json\/wp\/v2\/product"}],"about":[{"href":"https:\/\/verticaltechnik.ch\/fr\/wp-json\/wp\/v2\/types\/product"}],"wp:featuredmedia":[{"embeddable":true,"href":"https:\/\/verticaltechnik.ch\/fr\/wp-json\/wp\/v2\/media\/44538"}],"wp:attachment":[{"href":"https:\/\/verticaltechnik.ch\/fr\/wp-json\/wp\/v2\/media?parent=49458"}],"wp:term":[{"taxonomy":"product_brand","embeddable":true,"href":"https:\/\/verticaltechnik.ch\/fr\/wp-json\/wp\/v2\/product_brand?post=49458"},{"taxonomy":"product_cat","embeddable":true,"href":"https:\/\/verticaltechnik.ch\/fr\/wp-json\/wp\/v2\/product_cat?post=49458"},{"taxonomy":"product_tag","embeddable":true,"href":"https:\/\/verticaltechnik.ch\/fr\/wp-json\/wp\/v2\/product_tag?post=49458"}],"curies":[{"name":"wp","href":"https:\/\/api.w.org\/{rel}","templated":true}]}}