{"id":49618,"date":"2025-08-28T10:04:15","date_gmt":"2025-08-28T10:04:15","guid":{"rendered":"https:\/\/newvt.verticaltechnik.ch\/product\/miniramp-1400-9m-bank-30-1400-4-5m-quarterpipe-1400-4-5m-right-extension-3m\/"},"modified":"2025-08-28T10:04:15","modified_gmt":"2025-08-28T10:04:15","slug":"miniramp-1400-9m-bank-30-1400-4-5m-quarterpipe-1400-4-5m-right-extension-3m","status":"publish","type":"product","link":"https:\/\/verticaltechnik.ch\/fr\/produit\/miniramp-1400-9m-bank-30-1400-4-5m-quarterpipe-1400-4-5m-right-extension-3m\/","title":{"rendered":"Miniramp 1400 9m + Bank 30\u00b0 1400 4.5m + Quarterpipe 1400 4.5m + Right Extension 3m"},"content":{"rendered":"<p>Une mini-rampe est une installation de skate avec une partie plate entre deux courbes avec des copings et des plateformes de chaque c\u00f4t\u00e9. Ce module sert \u00e0 faire des allers-retours et \u00e0 r\u00e9aliser, entre autres, des figures comme des grinds, des airs, des kick-flips ou des tailslides sur le coping. Ce produit est compatible avec&nbsp;:<br \/>\nK00284 Enclosure for Miniramp 1400 6m + Bank 30\u00b0 1400 3m + Quarterpipe 1400 3m,<br \/>\nK00457 Enclosure for Right Extension 500 3m.  <\/p>\n","protected":false},"excerpt":{"rendered":"<p>Une mini-rampe est une installation de skate avec une partie plate entre deux courbes avec des copings et des plateformes de chaque c\u00f4t\u00e9. Ce module sert \u00e0 faire des allers-retours&#8230;<\/p>\n","protected":false},"featured_media":44018,"template":"","meta":[],"product_brand":[],"product_cat":[12154],"product_tag":[],"class_list":{"0":"post-49618","1":"product","2":"type-product","3":"status-publish","4":"has-post-thumbnail","6":"product_cat-minirampe-combo-1400","8":"first","9":"instock","10":"shipping-taxable","11":"purchasable","12":"product-type-simple"},"_links":{"self":[{"href":"https:\/\/verticaltechnik.ch\/fr\/wp-json\/wp\/v2\/product\/49618","targetHints":{"allow":["GET"]}}],"collection":[{"href":"https:\/\/verticaltechnik.ch\/fr\/wp-json\/wp\/v2\/product"}],"about":[{"href":"https:\/\/verticaltechnik.ch\/fr\/wp-json\/wp\/v2\/types\/product"}],"wp:featuredmedia":[{"embeddable":true,"href":"https:\/\/verticaltechnik.ch\/fr\/wp-json\/wp\/v2\/media\/44018"}],"wp:attachment":[{"href":"https:\/\/verticaltechnik.ch\/fr\/wp-json\/wp\/v2\/media?parent=49618"}],"wp:term":[{"taxonomy":"product_brand","embeddable":true,"href":"https:\/\/verticaltechnik.ch\/fr\/wp-json\/wp\/v2\/product_brand?post=49618"},{"taxonomy":"product_cat","embeddable":true,"href":"https:\/\/verticaltechnik.ch\/fr\/wp-json\/wp\/v2\/product_cat?post=49618"},{"taxonomy":"product_tag","embeddable":true,"href":"https:\/\/verticaltechnik.ch\/fr\/wp-json\/wp\/v2\/product_tag?post=49618"}],"curies":[{"name":"wp","href":"https:\/\/api.w.org\/{rel}","templated":true}]}}