{"id":49635,"date":"2025-08-28T10:03:13","date_gmt":"2025-08-28T10:03:13","guid":{"rendered":"https:\/\/newvt.verticaltechnik.ch\/product\/miniramp-spine-1400-9m-spineplattform-500-extension-500-miniramp-1400-3m\/"},"modified":"2025-08-28T10:03:13","modified_gmt":"2025-08-28T10:03:13","slug":"miniramp-spine-1400-9m-spineplattform-500-extension-500-miniramp-1400-3m","status":"publish","type":"product","link":"https:\/\/verticaltechnik.ch\/fr\/produit\/miniramp-spine-1400-9m-spineplattform-500-extension-500-miniramp-1400-3m\/","title":{"rendered":"Miniramp Spine 1400 9m + Spineplattform 500 + Extension 500 + Miniramp 1400 3m"},"content":{"rendered":"<p>Une mini-rampe est une installation de skate avec une partie plate entre deux courbes avec des copings et des plateformes de chaque c\u00f4t\u00e9. Ce module sert \u00e0 faire des allers-retours et \u00e0 r\u00e9aliser entre autres des figures comme des grinds, des airs, des kick-flips ou des tailslides sur le coping. Ce produit est compatible avec K00298.  <\/p>\n","protected":false},"excerpt":{"rendered":"<p>Une mini-rampe est une installation de skate avec une partie plate entre deux courbes avec des copings et des plateformes de chaque c\u00f4t\u00e9. Ce module sert \u00e0 faire des allers-retours&#8230;<\/p>\n","protected":false},"featured_media":44054,"template":"","meta":[],"product_brand":[],"product_cat":[12157],"product_tag":[],"class_list":{"0":"post-49635","1":"product","2":"type-product","3":"status-publish","4":"has-post-thumbnail","6":"product_cat-mini-rampe-spine-1400","8":"first","9":"instock","10":"shipping-taxable","11":"purchasable","12":"product-type-simple"},"_links":{"self":[{"href":"https:\/\/verticaltechnik.ch\/fr\/wp-json\/wp\/v2\/product\/49635","targetHints":{"allow":["GET"]}}],"collection":[{"href":"https:\/\/verticaltechnik.ch\/fr\/wp-json\/wp\/v2\/product"}],"about":[{"href":"https:\/\/verticaltechnik.ch\/fr\/wp-json\/wp\/v2\/types\/product"}],"wp:featuredmedia":[{"embeddable":true,"href":"https:\/\/verticaltechnik.ch\/fr\/wp-json\/wp\/v2\/media\/44054"}],"wp:attachment":[{"href":"https:\/\/verticaltechnik.ch\/fr\/wp-json\/wp\/v2\/media?parent=49635"}],"wp:term":[{"taxonomy":"product_brand","embeddable":true,"href":"https:\/\/verticaltechnik.ch\/fr\/wp-json\/wp\/v2\/product_brand?post=49635"},{"taxonomy":"product_cat","embeddable":true,"href":"https:\/\/verticaltechnik.ch\/fr\/wp-json\/wp\/v2\/product_cat?post=49635"},{"taxonomy":"product_tag","embeddable":true,"href":"https:\/\/verticaltechnik.ch\/fr\/wp-json\/wp\/v2\/product_tag?post=49635"}],"curies":[{"name":"wp","href":"https:\/\/api.w.org\/{rel}","templated":true}]}}